{"id":2241,"date":"2024-01-30T14:58:39","date_gmt":"2024-01-30T19:58:39","guid":{"rendered":"https:\/\/educacioncontinua.uniremington.edu.co\/?product=finanzas-para-no-financieros"},"modified":"2024-01-30T15:34:43","modified_gmt":"2024-01-30T20:34:43","slug":"finanzas-para-no-financieros","status":"publish","type":"product","link":"https:\/\/educacioncontinua.uniremington.edu.co\/?product=finanzas-para-no-financieros","title":{"rendered":"Finanzas para no financieros"},"content":{"rendered":"<p>&nbsp;<\/p>\n<table style=\"width: 100%;\" border=\"1\">\n<thead>\n<tr style=\"color: #ffffff;\">\n<th style=\"background-color: #00447b;\">Descripci\u00f3n<\/th>\n<\/tr>\n<\/thead>\n<tbody>\n<tr>\n<td>Con este curso podr\u00e1s revisar cu\u00e1les son los principales conceptos contables, con especial \u00e9nfasis en todo lo relativo al patrimonio de la empresa y c\u00f3mo \u00e9ste queda reflejado en diferentes cuentas, conocer qu\u00e9 son los ciclos contables de una empresa, qu\u00e9 tipo de operaciones engloban y de qu\u00e9 forma se documentan estas operaciones en los distintos libros de contabilidad.<\/p>\n<p>Podr\u00e1s aprender a evaluar la posici\u00f3n de una empresa y los resultados de sus operaciones a partir de la informaci\u00f3n obtenidas gracias a an\u00e1lisis econ\u00f3micos, patrimoniales y financieros, prestando mayor atenci\u00f3n a las cuestiones relacionadas con los costes empresariales.<\/td>\n<\/tr>\n<\/tbody>\n<\/table>\n<p>&nbsp;<\/p>\n<table style=\"width: 100%;\" border=\"1\">\n<thead>\n<tr style=\"color: #ffffff;\">\n<th style=\"background-color: #00447b;\">Principales caracter\u00edsticas<\/th>\n<\/tr>\n<\/thead>\n<tbody>\n<tr>\n<td>El ciclo contable.<br \/>\nIntroducci\u00f3n a la contabilidad financiera.<br \/>\nCostes de la empresa.<br \/>\nAn\u00e1lisis e interpretaci\u00f3n de la informaci\u00f3n econ\u00f3mico-financiera.<\/td>\n<\/tr>\n<\/tbody>\n<\/table>\n<p>&nbsp;<\/p>\n<table style=\"width: 100%;\" border=\"1\">\n<thead>\n<tr style=\"color: #ffffff;\">\n<th style=\"background-color: #00447b;\">P\u00fablico objetivo<\/th>\n<\/tr>\n<\/thead>\n<tbody>\n<tr>\n<td>P\u00fablico general que desee analizar las caracter\u00edsticas propias de cada una de las fuentes de financiaci\u00f3n de la empresa, teniendo en cuenta aspectos como sus costes, el plazo de reembolso y su finalidad, as\u00ed como, todos los aspectos relevantes del ciclo contable.<\/td>\n<\/tr>\n<\/tbody>\n<\/table>\n<p>&nbsp;<\/p>\n<table style=\"width: 100%;\" border=\"1\">\n<thead>\n<tr style=\"color: #ffffff;\">\n<td style=\"background-color: #00447b;\"><span style=\"font-weight: bold;\">Tem\u00e1tica 1<\/span><\/td>\n<\/tr>\n<tr>\n<td><span style=\"font-weight: normal;\"><br \/>\n<\/span>1. INTRODUCCI\u00d3N A LA CONTABILIDAD FINANCIERA.<br \/>\n1.1. Principales conceptos contables.<br \/>\n1.2. El patrimonio.<br \/>\n1.3. Las cuentas.<\/td>\n<\/tr>\n<\/thead>\n<tbody>\n<tr style=\"color: #ffffff;\">\n<td style=\"background-color: #00447b;\"><span style=\"font-weight: bold;\">Tem\u00e1tica 2<\/span><\/td>\n<\/tr>\n<tr>\n<td>2. BALANCE DE SITUACI\u00d3N.<br \/>\n2.1. El inventario.<br \/>\n2.2. El balance de situaci\u00f3n.<br \/>\n2.2.1. Definici\u00f3n.<br \/>\n2.2.2. La estructura del balance de situaci\u00f3n.<br \/>\n2.3. Modelos de balances de situaci\u00f3n.<\/td>\n<\/tr>\n<tr style=\"color: #ffffff;\">\n<td style=\"background-color: #00447b;\"><span style=\"font-weight: bold;\">Tem\u00e1tica 3<\/span><\/td>\n<\/tr>\n<tr>\n<td>3. EL CICLO CONTABLE.<br \/>\n3.1. El ciclo contable. El libro diario. El libro mayor. El libro de balances. Caso Pr\u00e1ctico.<br \/>\n3.2. El P.G.C. Y los principios contables. Las cuentas anuales. Normas de valoraci\u00f3n.<\/td>\n<\/tr>\n<tr style=\"color: #ffffff;\">\n<td style=\"background-color: #00447b;\"><span style=\"font-weight: bold;\">Tem\u00e1tica 4<\/span><\/td>\n<\/tr>\n<tr>\n<td>4. LA CUENTA DE P\u00c9RDIDAS Y GANANCIAS.<br \/>\n4.1. Introducci\u00f3n.<br \/>\n4.2. El Balance y la Memoria.<br \/>\n4.3. La cuenta de P\u00e9rdidas y Ganancias.<br \/>\n4.4. Estado de cambios en el Patrimonio Neto.<br \/>\n4.5. El estado de flujos de efectivo.<\/td>\n<\/tr>\n<tr style=\"color: #ffffff;\">\n<td style=\"background-color: #00447b;\"><span style=\"font-weight: bold;\">Tem\u00e1tica 5<\/span><\/td>\n<\/tr>\n<tr>\n<td>5. AN\u00c1LISIS E INTERPRETACI\u00d3N DE LA INFORMACI\u00d3N ECON\u00d3MICO-FINANCIERA.<br \/>\n5.1. Introducci\u00f3n.<br \/>\n5.2. An\u00e1lisis patrimonial.<br \/>\n5.3. An\u00e1lisis financiero.<br \/>\n5.4. An\u00e1lisis econ\u00f3mico.<\/td>\n<\/tr>\n<tr style=\"color: #ffffff;\">\n<td style=\"background-color: #00447b;\"><span style=\"font-weight: bold;\">Tem\u00e1tica 6<\/span><\/td>\n<\/tr>\n<tr>\n<td>6. LOS COSTES DE LA EMPRESA.<br \/>\n6.1. Contabilidad de costes y contabilidad general.<br \/>\n6.2. Clasificaci\u00f3n de los costes.<br \/>\n6.3. Modelos de costes.<\/td>\n<\/tr>\n<tr style=\"color: #ffffff;\">\n<td style=\"background-color: #00447b;\"><span style=\"font-weight: bold;\">Tem\u00e1tica 7<\/span><\/td>\n<\/tr>\n<tr>\n<td>7. FINANCIACI\u00d3N EMPRESARIAL.<br \/>\n7.1. Financiaci\u00f3n propia. Reservas o beneficios no distribuidos.<br \/>\n7.2. Financiaci\u00f3n externa a largo plazo. Cr\u00e9dito a largo plazo. Obligaciones, Empr\u00e9stitos. Leasing, Renting, Factoring. Amortizaciones y provisiones.<br \/>\n7.3. Financiaci\u00f3n externa corto plazo. Pr\u00e9stamos y cr\u00e9ditos bancarios. Cr\u00e9dito comercial.<br \/>\n7.4. Costes de financiaci\u00f3n. El coste de los recursos financieros externos. Coste de capital. Apalancamiento financiero.<\/td>\n<\/tr>\n<\/tbody>\n<\/table>\n<p>&nbsp;<\/p>\n<p>&nbsp;<\/p>\n<table border=\"1\">\n<thead>\n<tr>\n<th style=\"text-align: center; background-color: #00447b; color: #ffffff;\">Duraci\u00f3n<\/th>\n<th style=\"text-align: center; background-color: #00447b; color: #ffffff;\">V\u00eddeos<\/th>\n<\/tr>\n<tr>\n<th style=\"text-align: center;\"><span style=\"font-weight: normal;\">40 horas<\/span><\/th>\n<th style=\"text-align: center;\"><span style=\"font-weight: normal;\">15<\/span><\/th>\n<\/tr>\n<tr>\n<th style=\"text-align: center; background-color: #00447b; color: #ffffff;\">Nivel<\/th>\n<th style=\"text-align: center; background-color: #00447b; color: #ffffff;\">Inversi\u00f3n<\/th>\n<\/tr>\n<\/thead>\n<tbody>\n<tr>\n<td style=\"text-align: center;\">B\u00e1sico<\/td>\n<td style=\"text-align: center;\">$408.000<\/td>\n<\/tr>\n<\/tbody>\n<\/table>\n","protected":false},"excerpt":{"rendered":"<p>&nbsp; Descripci\u00f3n Con este curso podr\u00e1s revisar cu\u00e1les son los principales conceptos contables, con especial \u00e9nfasis en todo lo relativo al patrimonio de la empresa y c\u00f3mo \u00e9ste queda reflejado en diferentes cuentas, conocer qu\u00e9 son los ciclos contables de una empresa, qu\u00e9 tipo de operaciones engloban y de qu\u00e9 forma se documentan estas operaciones [&hellip;]<\/p>\n","protected":false},"featured_media":2248,"comment_status":"open","ping_status":"closed","template":"","meta":[],"product_brand":[],"product_cat":[68],"product_tag":[],"class_list":{"0":"post-2241","1":"product","2":"type-product","3":"status-publish","4":"has-post-thumbnail","6":"product_cat-cienciascontables","8":"first","9":"instock","10":"downloadable","11":"virtual","12":"purchasable","13":"product-type-simple"},"_links":{"self":[{"href":"https:\/\/educacioncontinua.uniremington.edu.co\/index.php?rest_route=\/wp\/v2\/product\/2241","targetHints":{"allow":["GET"]}}],"collection":[{"href":"https:\/\/educacioncontinua.uniremington.edu.co\/index.php?rest_route=\/wp\/v2\/product"}],"about":[{"href":"https:\/\/educacioncontinua.uniremington.edu.co\/index.php?rest_route=\/wp\/v2\/types\/product"}],"replies":[{"embeddable":true,"href":"https:\/\/educacioncontinua.uniremington.edu.co\/index.php?rest_route=%2Fwp%2Fv2%2Fcomments&post=2241"}],"wp:featuredmedia":[{"embeddable":true,"href":"https:\/\/educacioncontinua.uniremington.edu.co\/index.php?rest_route=\/wp\/v2\/media\/2248"}],"wp:attachment":[{"href":"https:\/\/educacioncontinua.uniremington.edu.co\/index.php?rest_route=%2Fwp%2Fv2%2Fmedia&parent=2241"}],"wp:term":[{"taxonomy":"product_brand","embeddable":true,"href":"https:\/\/educacioncontinua.uniremington.edu.co\/index.php?rest_route=%2Fwp%2Fv2%2Fproduct_brand&post=2241"},{"taxonomy":"product_cat","embeddable":true,"href":"https:\/\/educacioncontinua.uniremington.edu.co\/index.php?rest_route=%2Fwp%2Fv2%2Fproduct_cat&post=2241"},{"taxonomy":"product_tag","embeddable":true,"href":"https:\/\/educacioncontinua.uniremington.edu.co\/index.php?rest_route=%2Fwp%2Fv2%2Fproduct_tag&post=2241"}],"curies":[{"name":"wp","href":"https:\/\/api.w.org\/{rel}","templated":true}]}}