{"id":2232,"date":"2024-01-30T14:58:39","date_gmt":"2024-01-30T19:58:39","guid":{"rendered":"https:\/\/educacioncontinua.uniremington.edu.co\/?product=introduccion-a-los-primeros-auxilios"},"modified":"2024-01-30T15:38:38","modified_gmt":"2024-01-30T20:38:38","slug":"introduccion-a-los-primeros-auxilios","status":"publish","type":"product","link":"https:\/\/educacioncontinua.uniremington.edu.co\/?product=introduccion-a-los-primeros-auxilios","title":{"rendered":"Introducci\u00f3n a los Primeros Auxilios"},"content":{"rendered":"<p>&nbsp;<\/p>\n<table style=\"width: 100%;\" border=\"1\">\n<thead>\n<tr style=\"color: #ffffff;\">\n<th style=\"background-color: #00447b;\">Descripci\u00f3n<\/th>\n<\/tr>\n<\/thead>\n<tbody>\n<tr>\n<td>Con este curso introductorio podr\u00e1s conocer los conceptos b\u00e1sicos sobre primeros auxilios y adquirir los conocimientos y la capacidad necesaria para actuar ante situaciones de emergencia como paradas cardiorrespiratorias, heridas y hemorragias, traumatismos, etc.<\/td>\n<\/tr>\n<\/tbody>\n<\/table>\n<p>&nbsp;<\/p>\n<table style=\"width: 100%;\" border=\"1\">\n<thead>\n<tr style=\"color: #ffffff;\">\n<th style=\"background-color: #00447b;\">Principales caracter\u00edsticas<\/th>\n<\/tr>\n<\/thead>\n<tbody>\n<tr>\n<td>Obstrucci\u00f3n de las v\u00edas a\u00e9reas.<br \/>\nTraumatismos.<br \/>\nParada cardiorrespiratoria.<br \/>\nHeridas y hemorragias.<br \/>\nSignos de alarma.<\/td>\n<\/tr>\n<\/tbody>\n<\/table>\n<p>&nbsp;<\/p>\n<table style=\"width: 100%;\" border=\"1\">\n<thead>\n<tr style=\"color: #ffffff;\">\n<th style=\"background-color: #00447b;\">P\u00fablico objetivo<\/th>\n<\/tr>\n<\/thead>\n<tbody>\n<tr>\n<td>P\u00fablico general que desee adquirir habilidades b\u00e1sicas de primeros auxilios, independientemente de su ocupaci\u00f3n o nivel de experiencia en el campo de la salud.<\/td>\n<\/tr>\n<\/tbody>\n<\/table>\n<p>&nbsp;<\/p>\n<p>tr style=&#8221;color: rgb(255, 255, 255);&#8221;&gt;<\/p>\n<p>tr style=&#8221;color: rgb(255, 255, 255);&#8221;&gt;<\/p>\n<table style=\"width: 100%;\" border=\"1\">\n<thead>\n<tr style=\"color: #ffffff;\">\n<td style=\"background-color: #00447b;\"><span style=\"font-weight: bold;\">Tem\u00e1tica 1<\/span><\/td>\n<\/tr>\n<tr>\n<td><span style=\"font-weight: normal;\"><br \/>\n<\/span>1. INTRODUCCI\u00d3N A LOS PRIMEROS AUXILIOS.<\/td>\n<\/tr>\n<\/thead>\n<tbody>\n<tr style=\"color: #ffffff;\">\n<td style=\"background-color: #00447b;\"><span style=\"font-weight: bold;\">Tem\u00e1tica 2<\/span><\/td>\n<\/tr>\n<tr>\n<td>2. PARADA CARDIORRESPIRATORIA.<\/td>\n<\/tr>\n<tr style=\"color: #ffffff;\">\n<td style=\"background-color: #00447b;\"><span style=\"font-weight: bold;\">Tem\u00e1tica 3<\/span><\/td>\n<\/tr>\n<tr>\n<td>3. OBSTRUCCI\u00d3N DE LAS V\u00cdAS A\u00c9REAS.<\/td>\n<\/tr>\n<tr style=\"color: #ffffff;\">\n<td style=\"background-color: #00447b;\"><span style=\"font-weight: bold;\">Tem\u00e1tica 4<\/span><\/td>\n<\/tr>\n<tr>\n<td>4. HERIDAS Y HEMORRAGIAS.<\/td>\n<\/tr>\n<tr style=\"color: #ffffff;\">\n<td style=\"background-color: #00447b;\"><span style=\"font-weight: bold;\">Tem\u00e1tica 5<\/span><\/td>\n<\/tr>\n<tr>\n<td>5. TRAUMATISMOS.<\/td>\n<\/tr>\n<tr style=\"color: #ffffff;\">\n<td style=\"background-color: #00447b;\"><span style=\"font-weight: bold;\">Tem\u00e1tica 6<\/span><\/td>\n<\/tr>\n<tr>\n<td>6. QUEMADURAS.<\/td>\n<\/tr>\n<tr style=\"color: #ffffff;\">\n<td style=\"background-color: #00447b;\"><span style=\"font-weight: bold;\">Tem\u00e1tica 7<\/span><\/td>\n<\/tr>\n<tr>\n<td>7. INTOXICACIONES.<\/td>\n<\/tr>\n<tr>\n<td style=\"background-color: #00447b;\"><span style=\"font-weight: bold;\">Tem\u00e1tica 8<\/span><\/td>\n<\/tr>\n<tr>\n<td>8. MORDEDURAS Y PICADURAS.<\/td>\n<\/tr>\n<tr>\n<td style=\"background-color: #00447b;\"><span style=\"font-weight: bold;\">Tem\u00e1tica 9<\/span><\/td>\n<\/tr>\n<tr>\n<td>9. SIGNOS DE ALARMA.<\/td>\n<\/tr>\n<\/tbody>\n<\/table>\n<p>&nbsp;<\/p>\n<p>&nbsp;<\/p>\n<table border=\"1\">\n<thead>\n<tr>\n<th style=\"text-align: center; background-color: #00447b; color: #ffffff;\">Duraci\u00f3n<\/th>\n<th style=\"text-align: center; background-color: #00447b; color: #ffffff;\">V\u00eddeos<\/th>\n<\/tr>\n<tr>\n<th style=\"text-align: center;\"><span style=\"font-weight: normal;\">20 horas<\/span><\/th>\n<th style=\"text-align: center;\"><span style=\"font-weight: normal;\">12 <\/span><\/th>\n<\/tr>\n<tr>\n<th style=\"text-align: center; background-color: #00447b; color: #ffffff;\">Nivel<\/th>\n<th style=\"text-align: center; background-color: #00447b; color: #ffffff;\">Inversi\u00f3n<\/th>\n<\/tr>\n<\/thead>\n<tbody>\n<tr>\n<td style=\"text-align: center;\">B\u00e1sico<\/td>\n<td style=\"text-align: center;\">$204.000<\/td>\n<\/tr>\n<\/tbody>\n<\/table>\n","protected":false},"excerpt":{"rendered":"<p>&nbsp; Descripci\u00f3n Con este curso introductorio podr\u00e1s conocer los conceptos b\u00e1sicos sobre primeros auxilios y adquirir los conocimientos y la capacidad necesaria para actuar ante situaciones de emergencia como paradas cardiorrespiratorias, heridas y hemorragias, traumatismos, etc. &nbsp; Principales caracter\u00edsticas Obstrucci\u00f3n de las v\u00edas a\u00e9reas. Traumatismos. Parada cardiorrespiratoria. Heridas y hemorragias. Signos de alarma. &nbsp; P\u00fablico [&hellip;]<\/p>\n","protected":false},"featured_media":2244,"comment_status":"open","ping_status":"closed","template":"","meta":[],"product_brand":[],"product_cat":[69],"product_tag":[],"class_list":{"0":"post-2232","1":"product","2":"type-product","3":"status-publish","4":"has-post-thumbnail","6":"product_cat-cienciasdelasalud","8":"first","9":"instock","10":"downloadable","11":"virtual","12":"purchasable","13":"product-type-simple"},"_links":{"self":[{"href":"https:\/\/educacioncontinua.uniremington.edu.co\/index.php?rest_route=\/wp\/v2\/product\/2232","targetHints":{"allow":["GET"]}}],"collection":[{"href":"https:\/\/educacioncontinua.uniremington.edu.co\/index.php?rest_route=\/wp\/v2\/product"}],"about":[{"href":"https:\/\/educacioncontinua.uniremington.edu.co\/index.php?rest_route=\/wp\/v2\/types\/product"}],"replies":[{"embeddable":true,"href":"https:\/\/educacioncontinua.uniremington.edu.co\/index.php?rest_route=%2Fwp%2Fv2%2Fcomments&post=2232"}],"wp:featuredmedia":[{"embeddable":true,"href":"https:\/\/educacioncontinua.uniremington.edu.co\/index.php?rest_route=\/wp\/v2\/media\/2244"}],"wp:attachment":[{"href":"https:\/\/educacioncontinua.uniremington.edu.co\/index.php?rest_route=%2Fwp%2Fv2%2Fmedia&parent=2232"}],"wp:term":[{"taxonomy":"product_brand","embeddable":true,"href":"https:\/\/educacioncontinua.uniremington.edu.co\/index.php?rest_route=%2Fwp%2Fv2%2Fproduct_brand&post=2232"},{"taxonomy":"product_cat","embeddable":true,"href":"https:\/\/educacioncontinua.uniremington.edu.co\/index.php?rest_route=%2Fwp%2Fv2%2Fproduct_cat&post=2232"},{"taxonomy":"product_tag","embeddable":true,"href":"https:\/\/educacioncontinua.uniremington.edu.co\/index.php?rest_route=%2Fwp%2Fv2%2Fproduct_tag&post=2232"}],"curies":[{"name":"wp","href":"https:\/\/api.w.org\/{rel}","templated":true}]}}