{"id":2231,"date":"2024-01-30T14:58:39","date_gmt":"2024-01-30T19:58:39","guid":{"rendered":"https:\/\/educacioncontinua.uniremington.edu.co\/?product=funciones-administrativas-en-centros-sanitarios"},"modified":"2024-01-30T15:38:04","modified_gmt":"2024-01-30T20:38:04","slug":"funciones-administrativas-en-centros-sanitarios","status":"publish","type":"product","link":"https:\/\/educacioncontinua.uniremington.edu.co\/?product=funciones-administrativas-en-centros-sanitarios","title":{"rendered":"Funciones administrativas en centros sanitarios"},"content":{"rendered":"<p>&nbsp;<\/p>\n<table style=\"width: 100%;\" border=\"1\">\n<thead>\n<tr style=\"color: #ffffff;\">\n<th style=\"background-color: #00447b;\">Descripci\u00f3n<\/th>\n<\/tr>\n<\/thead>\n<tbody>\n<tr>\n<td>Con este curso podr\u00e1s familiarizarte con el concepto y la estructura de los sistemas sanitarios, para comprender mejor la importancia del trabajo administrativo que se desarrolla en dichos entornos, saber aplicar los principios y m\u00e9todos de la contabilidad general a la gesti\u00f3n administrativa de los centros de salud y aprender a qu\u00e9 se refieren conceptos como documentaci\u00f3n sanitaria, historia cl\u00ednica, admisi\u00f3n o almac\u00e9n sanitario, y c\u00f3mo se lleva a cabo su gesti\u00f3n.<\/td>\n<\/tr>\n<\/tbody>\n<\/table>\n<p>&nbsp;<\/p>\n<table style=\"width: 100%;\" border=\"1\">\n<thead>\n<tr style=\"color: #ffffff;\">\n<th style=\"background-color: #00447b;\">Principales caracter\u00edsticas<\/th>\n<\/tr>\n<\/thead>\n<tbody>\n<tr>\n<td>Aspectos econ\u00f3micos de la asistencia sanitaria.<br \/>\nEl sistema sanitario.<br \/>\nGesti\u00f3n de pacientes: de la admisi\u00f3n a la gesti\u00f3n por \u00e1reas.<\/td>\n<\/tr>\n<\/tbody>\n<\/table>\n<p>&nbsp;<\/p>\n<table style=\"width: 100%;\" border=\"1\">\n<thead>\n<tr style=\"color: #ffffff;\">\n<th style=\"background-color: #00447b;\">P\u00fablico objetivo<\/th>\n<\/tr>\n<\/thead>\n<tbody>\n<tr>\n<td>P\u00fablico general que desee conocer de qu\u00e9 forma pueden ayudar las actuales herramientas inform\u00e1ticas, al correcto desarrollo de las tareas de administraci\u00f3n en los servicios sanitarios.<\/td>\n<\/tr>\n<\/tbody>\n<\/table>\n<p>&nbsp;<\/p>\n<table style=\"width: 100%;\" border=\"1\">\n<thead>\n<tr style=\"color: #ffffff;\">\n<td style=\"background-color: #00447b;\"><span style=\"font-weight: bold;\">Tem\u00e1tica 1<\/span><\/td>\n<\/tr>\n<tr>\n<td><span style=\"font-weight: normal;\"><br \/>\n<\/span>1. EL SISTEMA SANITARIO<br \/>\n1.1. concepto y tipolog\u00eda.<br \/>\n1.2. el sistema sanitario espa\u00f1ol: historia y estructura.<br \/>\n1.3. derechos y deberes de los usuarios de los servicios sanitarios.<\/td>\n<\/tr>\n<\/thead>\n<tbody>\n<tr style=\"color: #ffffff;\">\n<td style=\"background-color: #00447b;\"><span style=\"font-weight: bold;\">Tem\u00e1tica 2<\/span><\/td>\n<\/tr>\n<tr>\n<td>2. ATENCI\u00d3N PRIMARIA Y ATENCI\u00d3N ESPECIALIZADA.<br \/>\n2.1. atenci\u00f3n primaria.<br \/>\n2.2. atenci\u00f3n especializada.<\/td>\n<\/tr>\n<tr style=\"color: #ffffff;\">\n<td style=\"background-color: #00447b;\"><span style=\"font-weight: bold;\">Tem\u00e1tica 3<\/span><\/td>\n<\/tr>\n<tr>\n<td>3. ASPECTOS ECON\u00d3MICOS DE LA ASISTENCIA SANITARIA.<br \/>\n3.1. Econom\u00eda de la salud.<br \/>\n3.2. Las empresas de servicios sanitarios.<br \/>\n3.3. Contabilidad.<\/td>\n<\/tr>\n<tr style=\"color: #ffffff;\">\n<td style=\"background-color: #00447b;\"><span style=\"font-weight: bold;\">Tem\u00e1tica 4<\/span><\/td>\n<\/tr>\n<tr>\n<td>4. LA DOCUMENTACI\u00d3N SANITARIA.<br \/>\n4.1. tipos.<br \/>\n4.2. la historia cl\u00ednica.<\/td>\n<\/tr>\n<tr style=\"color: #ffffff;\">\n<td style=\"background-color: #00447b;\"><span style=\"font-weight: bold;\">Tem\u00e1tica 5<\/span><\/td>\n<\/tr>\n<tr>\n<td>5. GESTI\u00d3N DE PACIENTES: DE LA ADMISI\u00d3N A LA GESTI\u00d3N POR \u00c1REAS.<br \/>\n5.1. Gesti\u00f3n de pacientes.<\/td>\n<\/tr>\n<tr style=\"color: #ffffff;\">\n<td style=\"background-color: #00447b;\"><span style=\"font-weight: bold;\">Tem\u00e1tica 6<\/span><\/td>\n<\/tr>\n<tr>\n<td>6. GESTI\u00d3N DEL MATERIAL.<br \/>\n6.1. Almacenes sanitarios.<br \/>\n6.2. Gesti\u00f3n de existencias, compras e inventarios.<\/td>\n<\/tr>\n<tr style=\"color: #ffffff;\">\n<td style=\"background-color: #00447b;\"><span style=\"font-weight: bold;\">Tem\u00e1tica 7<\/span><\/td>\n<\/tr>\n<tr>\n<td>7. APLICACIONES DE LA INFORM\u00c1TICA A LA ADMINISTRACI\u00d3N SANITARIA.<br \/>\n7.1. Inform\u00e1tica y servicios sanitarios.<br \/>\n7.2. Nociones b\u00e1sicas de inform\u00e1tica.<br \/>\n7.3. Introducci\u00f3n a office: Word, Excel y Access.<br \/>\n7.4. Bases de datos m\u00e9dicas.<\/td>\n<\/tr>\n<\/tbody>\n<\/table>\n<p>&nbsp;<\/p>\n<p>&nbsp;<\/p>\n<table border=\"1\">\n<thead>\n<tr>\n<th style=\"text-align: center; background-color: #00447b; color: #ffffff;\">Duraci\u00f3n<\/th>\n<th style=\"text-align: center; background-color: #00447b; color: #ffffff;\">V\u00eddeos<\/th>\n<\/tr>\n<tr>\n<th style=\"text-align: center;\"><span style=\"font-weight: normal;\">50 horas<\/span><\/th>\n<th style=\"text-align: center;\"><span style=\"font-weight: normal;\">18 <\/span><\/th>\n<\/tr>\n<tr>\n<th style=\"text-align: center; background-color: #00447b; color: #ffffff;\">Nivel<\/th>\n<th style=\"text-align: center; background-color: #00447b; color: #ffffff;\">Inversi\u00f3n<\/th>\n<\/tr>\n<\/thead>\n<tbody>\n<tr>\n<td style=\"text-align: center;\">Intermedio<\/td>\n<td style=\"text-align: center;\">$510.000<\/td>\n<\/tr>\n<\/tbody>\n<\/table>\n","protected":false},"excerpt":{"rendered":"<p>&nbsp; Descripci\u00f3n Con este curso podr\u00e1s familiarizarte con el concepto y la estructura de los sistemas sanitarios, para comprender mejor la importancia del trabajo administrativo que se desarrolla en dichos entornos, saber aplicar los principios y m\u00e9todos de la contabilidad general a la gesti\u00f3n administrativa de los centros de salud y aprender a qu\u00e9 se [&hellip;]<\/p>\n","protected":false},"featured_media":2245,"comment_status":"open","ping_status":"closed","template":"","meta":[],"product_brand":[],"product_cat":[71],"product_tag":[],"class_list":{"0":"post-2231","1":"product","2":"type-product","3":"status-publish","4":"has-post-thumbnail","6":"product_cat-ingenierias","8":"first","9":"instock","10":"downloadable","11":"virtual","12":"purchasable","13":"product-type-simple"},"_links":{"self":[{"href":"https:\/\/educacioncontinua.uniremington.edu.co\/index.php?rest_route=\/wp\/v2\/product\/2231","targetHints":{"allow":["GET"]}}],"collection":[{"href":"https:\/\/educacioncontinua.uniremington.edu.co\/index.php?rest_route=\/wp\/v2\/product"}],"about":[{"href":"https:\/\/educacioncontinua.uniremington.edu.co\/index.php?rest_route=\/wp\/v2\/types\/product"}],"replies":[{"embeddable":true,"href":"https:\/\/educacioncontinua.uniremington.edu.co\/index.php?rest_route=%2Fwp%2Fv2%2Fcomments&post=2231"}],"wp:featuredmedia":[{"embeddable":true,"href":"https:\/\/educacioncontinua.uniremington.edu.co\/index.php?rest_route=\/wp\/v2\/media\/2245"}],"wp:attachment":[{"href":"https:\/\/educacioncontinua.uniremington.edu.co\/index.php?rest_route=%2Fwp%2Fv2%2Fmedia&parent=2231"}],"wp:term":[{"taxonomy":"product_brand","embeddable":true,"href":"https:\/\/educacioncontinua.uniremington.edu.co\/index.php?rest_route=%2Fwp%2Fv2%2Fproduct_brand&post=2231"},{"taxonomy":"product_cat","embeddable":true,"href":"https:\/\/educacioncontinua.uniremington.edu.co\/index.php?rest_route=%2Fwp%2Fv2%2Fproduct_cat&post=2231"},{"taxonomy":"product_tag","embeddable":true,"href":"https:\/\/educacioncontinua.uniremington.edu.co\/index.php?rest_route=%2Fwp%2Fv2%2Fproduct_tag&post=2231"}],"curies":[{"name":"wp","href":"https:\/\/api.w.org\/{rel}","templated":true}]}}