{"id":2227,"date":"2024-01-30T14:58:39","date_gmt":"2024-01-30T19:58:39","guid":{"rendered":"https:\/\/educacioncontinua.uniremington.edu.co\/?product=gestion-medioambiental-en-empresas-de-construccion"},"modified":"2024-01-30T15:40:36","modified_gmt":"2024-01-30T20:40:36","slug":"gestion-medioambiental-en-empresas-de-construccion","status":"publish","type":"product","link":"https:\/\/educacioncontinua.uniremington.edu.co\/?product=gestion-medioambiental-en-empresas-de-construccion","title":{"rendered":"Gesti\u00f3n medioambiental en empresas de Construcci\u00f3n"},"content":{"rendered":"<table style=\"width: 100%;\" border=\"1\">\n<thead>\n<tr style=\"color: #ffffff;\">\n<th style=\"background-color: #00447b;\">Descripci\u00f3n<\/th>\n<\/tr>\n<\/thead>\n<tbody>\n<tr>\n<td>Con este curso especializado podr\u00e1s conocer las caracter\u00edsticas de las empresas de construcci\u00f3n teniendo en cuenta los efectos que provocan el medio ambiente, as\u00ed como, aprender las buenas pr\u00e1cticas medioambientales que se deben llevar a cabo en el enclave, las instalaciones y las actividades de la empresa, conocer las leyes que regulan el marco medioambiental en Europa y Espa\u00f1a y la importancia de comprender los efectos que producen los contaminantes en el agua, el aire, el suelo y la salud.<\/td>\n<\/tr>\n<\/tbody>\n<\/table>\n<p>&nbsp;<\/p>\n<table style=\"width: 100%;\" border=\"1\">\n<thead>\n<tr style=\"color: #ffffff;\">\n<th style=\"background-color: #00447b;\">Principales caracter\u00edsticas<\/th>\n<\/tr>\n<\/thead>\n<tbody>\n<tr>\n<td>La gesti\u00f3n medioambiental seg\u00fan la norma ISO 14001.<br \/>\nNuevas tendencias en la gesti\u00f3n medioambiental.<br \/>\nLa revisi\u00f3n medioambiental inicial y la evaluaci\u00f3n medioambiental.<br \/>\nResponsabilidades en la implantaci\u00f3n del SGMA.<br \/>\nLa auditor\u00eda del SGMA.<br \/>\nLa regulaci\u00f3n ambiental del \u00e1mbito de la construcci\u00f3n.<\/td>\n<\/tr>\n<\/tbody>\n<\/table>\n<p>&nbsp;<\/p>\n<table style=\"width: 100%;\" border=\"1\">\n<thead>\n<tr style=\"color: #ffffff;\">\n<th style=\"background-color: #00447b;\">P\u00fablico objetivo<\/th>\n<\/tr>\n<\/thead>\n<tbody>\n<tr>\n<td>P\u00fablico general que desee conocer de la gesti\u00f3n medioambiental en empresas de Construcci\u00f3n, aprendiendo cu\u00e1les son los residuos propios de las empresas de construcci\u00f3n y su manera de gestionarlos, as\u00ed como, los conceptos b\u00e1sicos sobre los recursos naturales y desarrollo sostenible.<\/td>\n<\/tr>\n<\/tbody>\n<\/table>\n<p>&nbsp;<\/p>\n<table style=\"width: 100%;\" border=\"1\">\n<thead>\n<tr style=\"color: #ffffff;\">\n<td style=\"background-color: #00447b;\"><span style=\"font-weight: bold;\">Tem\u00e1tica 1<\/span><\/td>\n<\/tr>\n<tr>\n<td><span style=\"font-weight: normal;\"><br \/>\n<\/span>1. EL MEDIO AMBIENTE: CONCEPTOS B\u00c1SICOS.<br \/>\n1.1. Aproximaci\u00f3n al concepto de medio ambiente.<br \/>\n1.2. Las pol\u00edticas ambientales: evoluci\u00f3n en Espa\u00f1a y en Europa.<br \/>\n1.3. Instrumentos econ\u00f3micos y fiscales para la gesti\u00f3n del medio ambiente.<\/td>\n<\/tr>\n<\/thead>\n<tbody>\n<tr style=\"color: #ffffff;\">\n<td style=\"background-color: #00447b;\"><span style=\"font-weight: bold;\">Tem\u00e1tica 2<\/span><\/td>\n<\/tr>\n<tr>\n<td>2. SISTEMA DE GESTI\u00d3N MEDIOAMBIENTAL.<br \/>\n2.1. La empresa y el medio ambiente.<br \/>\n2.2. \u00bfqu\u00e9 es la gesti\u00f3n medioambiental en la empresa?<br \/>\n2.3. Tipos de gesti\u00f3n medioambiental: EMAS e ISO 14001.<br \/>\n2.4. La gesti\u00f3n medioambiental y el mercado: Marketing ecol\u00f3gico.<\/td>\n<\/tr>\n<tr style=\"color: #ffffff;\">\n<td style=\"background-color: #00447b;\"><span style=\"font-weight: bold;\">Tem\u00e1tica 3<\/span><\/td>\n<\/tr>\n<tr>\n<td>3. LA GESTI\u00d3N MEDIOAMBIENTAL EN EUROPA: SISTEMA EMAS.<br \/>\n3.1. \u00bfQu\u00e9 es el sistema EMAS?<br \/>\n3.2. Objetivos y conceptos en el EMAS.<br \/>\n3.3. Etapas para la implantaci\u00f3n de un sistema de gesti\u00f3n medioambiental seg\u00fan el EMAS.<br \/>\n3.4. Organismos de acreditaci\u00f3n y autorizaci\u00f3n.<br \/>\n3.5. Tendencias recientes de la gesti\u00f3n medioambiental en Europa.<\/td>\n<\/tr>\n<tr style=\"color: #ffffff;\">\n<td style=\"background-color: #00447b;\"><span style=\"font-weight: bold;\">Tem\u00e1tica 4<\/span><\/td>\n<\/tr>\n<tr>\n<td>4. LA GESTI\u00d3N MEDIOAMBIENTAL SEG\u00daN LA NORMA ISO 14001.<br \/>\n4.1. Serie de normas para la gesti\u00f3n medioambiental.<br \/>\n4.2. \u00bfQu\u00e9 es la ISO 14001?<br \/>\n4.3. Etapas para la implantaci\u00f3n de un sistema de gesti\u00f3n medioambiental seg\u00fan la ISO 14001.<\/td>\n<\/tr>\n<tr style=\"color: #ffffff;\">\n<td style=\"background-color: #00447b;\"><span style=\"font-weight: bold;\">Tem\u00e1tica 5<\/span><\/td>\n<\/tr>\n<tr>\n<td>5. NUEVAS TENDENCIAS EN LA GESTI\u00d3N MEDIOAMBIENTAL.<br \/>\n5.1. Sistemas integrados de medio ambiente y calidad.<br \/>\n5.2. Etiquetas ecol\u00f3gicas y Ecoproductos.<\/td>\n<\/tr>\n<tr style=\"color: #ffffff;\">\n<td style=\"background-color: #00447b;\"><span style=\"font-weight: bold;\">Tem\u00e1tica 6<\/span><\/td>\n<\/tr>\n<tr>\n<td>6. LA REVISI\u00d3N MEDIOAMBIENTAL INICIAL Y LA EVALUACI\u00d3N MEDIOAMBIENTAL.<br \/>\n6.1. \u00bfEn qu\u00e9 consiste la revisi\u00f3n medioambiental inicial?<br \/>\n6.2. Aspectos relevantes de la revisi\u00f3n.<br \/>\n6.3. Metodolog\u00eda y documentaci\u00f3n de la revisi\u00f3n medioambiental inicial.<\/td>\n<\/tr>\n<tr style=\"color: #ffffff;\">\n<td style=\"background-color: #00447b;\"><span style=\"font-weight: bold;\">Tem\u00e1tica 7<\/span><\/td>\n<\/tr>\n<tr>\n<td>7. DOCUMENTACI\u00d3N DE UN SGMA.<br \/>\n7.1. La documentaci\u00f3n del SGMA.<br \/>\n7.2. La pol\u00edtica medioambiental.<br \/>\n7.3. El manual de gesti\u00f3n medioambiental.<br \/>\n7.4. Los procedimientos del SGMA.<br \/>\n7.5. Los registros medioambientales.<br \/>\n7.6. Control de la documentaci\u00f3n.<\/td>\n<\/tr>\n<tr style=\"color: #ffffff;\">\n<td style=\"background-color: #00447b;\"><span style=\"font-weight: bold;\">Tem\u00e1tica 8<\/span><\/td>\n<\/tr>\n<tr>\n<td>8. PLANES DE EMERGENCIA.<br \/>\n8.1. Los planes de emergencia.<\/td>\n<\/tr>\n<tr style=\"color: #ffffff;\">\n<td style=\"background-color: #00447b;\"><span style=\"font-weight: bold;\">Tem\u00e1tica 9<\/span><\/td>\n<\/tr>\n<tr>\n<td>9. LA FORMACI\u00d3N Y COMUNICACI\u00d3N.<br \/>\n9.1. La formaci\u00f3n ambiental en la empresa.<br \/>\n9.2. El plan de formaci\u00f3n medioambiental.<br \/>\n9.3. La comunicaci\u00f3n en el SGMA.<\/td>\n<\/tr>\n<tr style=\"color: #ffffff;\">\n<td style=\"background-color: #00447b;\"><span style=\"font-weight: bold;\">Tem\u00e1tica 10<\/span><\/td>\n<\/tr>\n<tr>\n<td>10. RESPONSABILIDADES EN LA IMPLANTACI\u00d3N DEL SGMA.<br \/>\n10.1. Organizaci\u00f3n de la gesti\u00f3n ambiental.<br \/>\n10.2. Responsabilidades en el SGMA: la direcci\u00f3n y asignaci\u00f3n de funciones.<br \/>\n10.3. Nuevas tendencias en la gesti\u00f3n medioambiental.<br \/>\nEn las organizaciones: los nuevos perfiles del responsable medioambiental.<\/td>\n<\/tr>\n<tr style=\"color: #ffffff;\">\n<td style=\"background-color: #00447b;\"><span style=\"font-weight: bold;\">Tem\u00e1tica 11<\/span><\/td>\n<\/tr>\n<tr>\n<td>11. LA AUDITOR\u00cdA DEL SGMA.<br \/>\n11.1. \u00bfEn qu\u00e9 consiste la auditor\u00eda del SGMA?<br \/>\n11.2. Metodolog\u00eda y etapas de una auditor\u00eda.<\/td>\n<\/tr>\n<tr style=\"color: #ffffff;\">\n<td style=\"background-color: #00447b;\"><span style=\"font-weight: bold;\">Tem\u00e1tica 12<\/span><\/td>\n<\/tr>\n<tr>\n<td>12. EVALUACI\u00d3N DEL SISTEMA, NO CONFORMIDADES Y CERTIFICACI\u00d3N.<br \/>\n12.1. La revisi\u00f3n de la gesti\u00f3n o evaluaci\u00f3n.<br \/>\n12.2. No conformidades.<br \/>\n12.3. El plan de acciones correctoras.<br \/>\n12.4. La certificaci\u00f3n del sistema.<\/td>\n<\/tr>\n<tr style=\"color: #ffffff;\">\n<td style=\"background-color: #00447b;\"><span style=\"font-weight: bold;\">Tem\u00e1tica 13<\/span><\/td>\n<\/tr>\n<tr>\n<td>13. EL \u00c1MBITO DE LA CONSTRUCCI\u00d3N Y EL MEDIO AMBIENTE.<br \/>\n13.1. Caracter\u00edsticas de las empresas de construcci\u00f3n.<br \/>\n13.2. Buenas pr\u00e1cticas medioambientales para el \u00e1mbito de la construcci\u00f3n.<\/td>\n<\/tr>\n<tr style=\"color: #ffffff;\">\n<td style=\"background-color: #00447b;\"><span style=\"font-weight: bold;\">Tem\u00e1tica 14<\/span><\/td>\n<\/tr>\n<tr>\n<td>14. LA REGULACI\u00d3N AMBIENTAL DEL \u00c1MBITO DE LA CONSTRUCCI\u00d3N.<br \/>\n14.1. Introducci\u00f3n.<br \/>\n14.2. Normativa espec\u00edfica para el \u00e1mbito de la construcci\u00f3n.<br \/>\n14.3. La evaluaci\u00f3n del impacto ambiental.<\/td>\n<\/tr>\n<tr style=\"color: #ffffff;\">\n<td style=\"background-color: #00447b;\"><span style=\"font-weight: bold;\">Tem\u00e1tica 15<\/span><\/td>\n<\/tr>\n<tr>\n<td>15. IMPACTOS AMBIENTALES DE LAS EMPRESAS DE CONSTRUCCI\u00d3N.<br \/>\n15.1. Recursos naturales.<br \/>\n15.2. Residuos.<br \/>\n15.3. Agua.<br \/>\n15.4. Aire.<br \/>\n15.5. Suelos.<br \/>\n15.6. Ruido.<br \/>\n15.7. El ser humano: salud y medioambiente.<\/td>\n<\/tr>\n<\/tbody>\n<\/table>\n<p>&nbsp;<\/p>\n<p>&nbsp;<\/p>\n<table border=\"1\">\n<thead>\n<tr>\n<th style=\"text-align: center; background-color: #00447b; color: #ffffff;\">Duraci\u00f3n<\/th>\n<th style=\"text-align: center; background-color: #00447b; color: #ffffff;\">V\u00eddeos<\/th>\n<\/tr>\n<tr>\n<th style=\"text-align: center;\"><span style=\"font-weight: normal;\">75 horas<\/span><\/th>\n<th style=\"text-align: center;\"><span style=\"font-weight: normal;\">30 <\/span><\/th>\n<\/tr>\n<tr>\n<th style=\"text-align: center; background-color: #00447b; color: #ffffff;\">Nivel<\/th>\n<th style=\"text-align: center; background-color: #00447b; color: #ffffff;\">Inversi\u00f3n<\/th>\n<\/tr>\n<\/thead>\n<tbody>\n<tr>\n<td style=\"text-align: center;\">Avanzado<\/td>\n<td style=\"text-align: center;\">$765.000<\/td>\n<\/tr>\n<\/tbody>\n<\/table>\n","protected":false},"excerpt":{"rendered":"<p>Descripci\u00f3n Con este curso especializado podr\u00e1s conocer las caracter\u00edsticas de las empresas de construcci\u00f3n teniendo en cuenta los efectos que provocan el medio ambiente, as\u00ed como, aprender las buenas pr\u00e1cticas medioambientales que se deben llevar a cabo en el enclave, las instalaciones y las actividades de la empresa, conocer las leyes que regulan el marco [&hellip;]<\/p>\n","protected":false},"featured_media":2257,"comment_status":"open","ping_status":"closed","template":"","meta":[],"product_brand":[],"product_cat":[71],"product_tag":[],"class_list":{"0":"post-2227","1":"product","2":"type-product","3":"status-publish","4":"has-post-thumbnail","6":"product_cat-ingenierias","8":"first","9":"instock","10":"downloadable","11":"virtual","12":"purchasable","13":"product-type-simple"},"_links":{"self":[{"href":"https:\/\/educacioncontinua.uniremington.edu.co\/index.php?rest_route=\/wp\/v2\/product\/2227","targetHints":{"allow":["GET"]}}],"collection":[{"href":"https:\/\/educacioncontinua.uniremington.edu.co\/index.php?rest_route=\/wp\/v2\/product"}],"about":[{"href":"https:\/\/educacioncontinua.uniremington.edu.co\/index.php?rest_route=\/wp\/v2\/types\/product"}],"replies":[{"embeddable":true,"href":"https:\/\/educacioncontinua.uniremington.edu.co\/index.php?rest_route=%2Fwp%2Fv2%2Fcomments&post=2227"}],"wp:featuredmedia":[{"embeddable":true,"href":"https:\/\/educacioncontinua.uniremington.edu.co\/index.php?rest_route=\/wp\/v2\/media\/2257"}],"wp:attachment":[{"href":"https:\/\/educacioncontinua.uniremington.edu.co\/index.php?rest_route=%2Fwp%2Fv2%2Fmedia&parent=2227"}],"wp:term":[{"taxonomy":"product_brand","embeddable":true,"href":"https:\/\/educacioncontinua.uniremington.edu.co\/index.php?rest_route=%2Fwp%2Fv2%2Fproduct_brand&post=2227"},{"taxonomy":"product_cat","embeddable":true,"href":"https:\/\/educacioncontinua.uniremington.edu.co\/index.php?rest_route=%2Fwp%2Fv2%2Fproduct_cat&post=2227"},{"taxonomy":"product_tag","embeddable":true,"href":"https:\/\/educacioncontinua.uniremington.edu.co\/index.php?rest_route=%2Fwp%2Fv2%2Fproduct_tag&post=2227"}],"curies":[{"name":"wp","href":"https:\/\/api.w.org\/{rel}","templated":true}]}}