{"id":2161,"date":"2024-01-17T09:52:22","date_gmt":"2024-01-17T14:52:22","guid":{"rendered":"https:\/\/educacioncontinua.uniremington.edu.co\/?product=marketing-y-ventas"},"modified":"2024-01-30T14:58:38","modified_gmt":"2024-01-30T19:58:38","slug":"marketing-y-ventas","status":"publish","type":"product","link":"https:\/\/educacioncontinua.uniremington.edu.co\/?product=marketing-y-ventas","title":{"rendered":"Marketing y Ventas"},"content":{"rendered":"<\/p>\n<table style=\"width:100%;\" border=\"1\">\n<thead>\n<tr style=\"color:rgb(255,255,255);\">\n<th style=\"background-color:rgb(0,68,123);\">Descripci\u00f3n<\/th>\n<\/tr>\n<\/thead>\n<tbody>\n<tr>\n<td>Con este curso conoce el concepto b\u00e1sico de Marketing, as\u00ed como sus necesidades. Aprender a gestionar el Marketing y su entorno, comprendiendo al p\u00fablico como pilar fundamental del Marketing. <\/td>\n<\/tr>\n<\/tbody>\n<\/table>\n<p><\/p>\n<table style=\"width:100%;\" border=\"1\">\n<thead>\n<tr style=\"color:rgb(255,255,255);\">\n<th style=\"background-color:rgb(0,68,123);\">Principales caracter\u00edsticas<\/th>\n<\/tr>\n<\/thead>\n<tbody>\n<tr>\n<td>Establecer c\u00f3mo se comporta el consumidor, identifica como se divide el mercado, conoce en qu\u00e9 consiste el Marketing Mix, aprender a gestionar el Marketing y su entorno.<\/td>\n<\/tr>\n<\/tbody>\n<\/table>\n<p><\/p>\n<table style=\"width:100%;\" border=\"1\">\n<thead>\n<tr style=\"color:rgb(255,255,255);\">\n<th style=\"background-color:rgb(0,68,123);\">P\u00fablico objetivo<\/th>\n<\/tr>\n<\/thead>\n<tbody>\n<tr>\n<td>P\u00fablico general que desee tener conocimientos generales de Marketing y ventas, la gesti\u00f3n y fidelizaci\u00f3n de clientes y la segmentaci\u00f3n de mercados.<\/td>\n<\/tr>\n<\/tbody>\n<\/table>\n<p><\/p>\n<table style=\"width:100%;\" border=\"1\">\n<thead>\n<tr style=\"color:rgb(255,255,255);\">\n<td style=\"background-color:rgb(0,68,123);\"><span style=\"font-weight:bold;\">Tem\u00e1tica 1<\/span><\/td>\n<\/tr>\n<tr>\n<td><span style=\"font-weight:normal;\"><br \/>\n                    <\/span><\/p>\n<p>1.CONCEPTOS B\u00c1SICOS DEL MARKETING.<br \/>\n1.1 Introducci\u00f3n.<br \/>\n1.2 Marketing y necesidades.<br \/>\n1.3 Fundamentos de la gesti\u00f3n orientada al mercado.<br \/>\n1.4 finalidad de la estrategia comercial.<br \/>\n1.5. Tipos de gesti\u00f3n de marketing.<br \/>\n        1.5.1 El entorno de marketing.<br \/>\n         1.5.2 El macroentorno.<br \/>\n1.6 el microentorno.<br \/>\n1.7. El Marketing Mix.<br \/>\n         1.7.1 El marketing y el mercado.<br \/>\n         1.7.2 Caracter\u00edsticas del mercado.<br \/>\n1.8 cambios del mercado.<br \/>\n         1.8.1 El cliente como eje del marketing.<br \/>\n         1.8.2 Marketing relacional.<br \/>\n         1.8.3 Gesti\u00f3n de clientes.<br \/>\n         1.8.4 Cliente y lealtad.<br \/>\n1.9 fidelizaci\u00f3n del cliente.<br \/>\n1.9.1 Gesti\u00f3n de la informaci\u00f3n de marketing.<br \/>\n1.9.2 Desarrollo de la informaci\u00f3n de marketing.\n                    <\/p>\n<\/td>\n<\/tr>\n<\/thead>\n<tbody>\n<tr style=\"color:rgb(255,255,255);\">\n<td style=\"background-color:rgb(0,68,123);\"><span style=\"font-weight:bold;\">Tem\u00e1tica 2<\/span><\/td>\n<\/tr>\n<tr>\n<td>\n<p>2 LA INVESTIGACI\u00d3N COMERCIAL.<br \/>\n2.1 el consumidor y la segmentaci\u00f3n de mercados.<br \/>\n        2.1.1 El comportamiento del consumidor.<br \/>\n        2.1.2 El consumidor y sus necesidades.<br \/>\n2.2 El proceso de decisi\u00f3n de compra.<br \/>\n2.3 Segmentando el mercado.<br \/>\n        2.3.1 \u00bfQu\u00e9 es la segmentaci\u00f3n?<br \/>\n        2.3.2 Criterios de segmentaci\u00f3n de mercados.<\/p>\n<\/td>\n<\/tr>\n<tr style=\"color:rgb(255,255,255);\">\n<td style=\"background-color:rgb(0,68,123);\"><span style=\"font-weight:bold;\">Tem\u00e1tica 3<\/span><\/td>\n<\/tr>\n<tr>\n<td>\n<p>3 TIPOS DE SEGMENTACI\u00d3N. PRODUCTOS, SERVICIOS Y ESTRATEGIAS DE FIJACI\u00d3N DE PRECIOS UNIDAD DID\u00c1CTICA.<br \/>\n3.1 Productos, servicios y estrategias de fijaci\u00f3n de precios.<br \/>\n     3.1.1 El producto como elemento del marketing-mix.<br \/>\n     3.1.2 Gama y l\u00ednea y \u201cmix\u201d de productos.<br \/>\n3.2. Marketing de servicios.<br \/>\n     3.2.1 Estrategias de desarrollo de productos.<br \/>\n     3.2.2 Creaci\u00f3n de productos.<br \/>\n     3.2.3 Modificaci\u00f3n de productos.<br \/>\n     3.2.4 Ciclo de vida del producto.<br \/>\n3.3 moda y obsolescencia de los productos.<br \/>\n     3.3.1 Precio y fijaci\u00f3n de precios.<br \/>\n3.2 Factores para fijar los precios.<br \/>\n3.4 Estrategias de precios.\n                <\/p>\n<\/td>\n<\/tr>\n<tr style=\"color:rgb(255,255,255);\">\n<td style=\"background-color:rgb(0,68,123);\"><span style=\"font-weight:bold;\">Tem\u00e1tica 4<\/span><\/td>\n<\/tr>\n<tr>\n<td>\n<p>4 POSICIONAMIENTO DE PRODUCTO.<br \/>\n4.1. Los canales de marketing y la cadena de distribuci\u00f3n.<br \/>\n4.2 introducci\u00f3n.<br \/>\n     4.2.1 Comportamiento y dise\u00f1o del canal de distribuci\u00f3n.<br \/>\n4.3. Organizaci\u00f3n de la distribuci\u00f3n.<br \/>\n4.4. Tipos de canales de distribuci\u00f3n.<br \/>\n      4.4.1 Mayoristas y minoristas.<br \/>\n     4.4.2 Los mayoristas.<br \/>\n4.5. Los minoristas.<br \/>\n     4.5.1 M\u00e9todos de venta en la distribuci\u00f3n comercial.<br \/>\n     4.5.2 Venta personal.<br \/>\n4.6. Venta a distancia.<br \/>\n     4.6.1 Venta personal, marketing directo y marketing digital.<br \/>\n     4.6.2 Funciones de la fuerza de ventas.<br \/>\n     4.6.3 El proceso de venta personal.<br \/>\n     4.6.4 Marketing directo.\n                <\/p>\n<\/td>\n<\/tr>\n<tr style=\"color:rgb(255,255,255);\">\n<td style=\"background-color:rgb(0,68,123);\"><span style=\"font-weight:bold;\">Tem\u00e1tica 5<\/span><\/td>\n<\/tr>\n<tr>\n<td>\n<p>5. MARKETING DIGITAL.<br \/>\n5.1. Estrategia de comunicaci\u00f3n integrada, publicidad, promoci\u00f3n y RRPP.<br \/>\n5.2. Introducci\u00f3n.<br \/>\n      5.2.1 Desarrollo de la comunicaci\u00f3n eficaz.<br \/>\n      5.2.2 El mensaje.<br \/>\n      5.2.3 El p\u00fablico objetivo.<br \/>\n5.3. El Canal de comunicaci\u00f3n.<br \/>\n      5.3.1 Publicidad.<br \/>\n      5.3.2 La estrategia publicitaria.<br \/>\n      5.3.3 Medios tradicionales.<br \/>\n      5.3.4 Medios below the line.<br \/>\n5.4. Presupuesto y control.<br \/>\n      5.4.1 Promoci\u00f3n de ventas.<br \/>\n      5.4.2 Objetivos de la promoci\u00f3n de ventas.<br \/>\n      5.4.3 Herramientas de la promoci\u00f3n de ventas.<br \/>\n5.5. Planificaci\u00f3n.<br \/>\n      5.5.1 Relaciones P\u00fablicas.<br \/>\n      5.5.2 Funci\u00f3n de las RRPP.\n                <\/p>\n<\/td>\n<\/tr>\n<tr style=\"color:rgb(255,255,255);\">\n<td style=\"background-color:rgb(0,68,123);\"><span style=\"font-weight:bold;\">Tem\u00e1tica 6<\/span><\/td>\n<\/tr>\n<tr>\n<td>\n<p>6 HERRAMIENTAS DE LAS RRPPUD.<br \/>\n6.1. Organizaci\u00f3n de ventas y plan de marketing.<br \/>\n      6.1.1 Red de ventas.<br \/>\n      6.1.2 Caracter\u00edsticas de la venta personal.<br \/>\n      6.1.3 Tipos de vendedores.<br \/>\n6.2. Objetivos y tareas de las fuerzas de venta.<br \/>\n      6.2.1 El director de ventas.<br \/>\n      6.2.2 Determinaci\u00f3n del tama\u00f1o de la red de ventas.<br \/>\n6.3. Elecci\u00f3n de vendedores.<br \/>\n     6.3.1 La planificaci\u00f3n en el marketing.<br \/>\n     6.3.2 \u00bfPor qu\u00e9 planificar las acciones de marketing?<br \/>\n     6.3.3 \u00bfQu\u00e9 horizonte temporal debe tener un plan de marketing?<br \/>\n     6.3.4 \u00bfQu\u00e9 contiene un plan de marketing?<br \/>\n     6.3.5 \u00bfQu\u00e9 pasos fundamentales debemos seguir?<br \/>\n6.4 Esquema del plan de marketing.<br \/>\n     6.4.1. Mec\u00e1nica de elaboraci\u00f3n y control de un plan de marketing. Implantaci\u00f3n y control del plan.\n                <\/p>\n<\/td>\n<\/tr>\n<\/tbody>\n<\/table>\n<p><\/p>\n<table border=\"1\">\n<thead>\n<tr>\n<th style=\"text-align:center;background-color:rgb(0,68,123);color:rgb(255,255,255);\">Duraci\u00f3n<\/th>\n<th style=\"text-align:center;background-color:rgb(0,68,123);color:rgb(255,255,255);\">V\u00eddeos<\/th>\n<\/tr>\n<tr>\n<th style=\"text-align:center;\"><span style=\"font-weight:normal;\">50 horas<\/span><\/th>\n<th style=\"text-align:center;\"><span style=\"font-weight:normal;\">20<\/span><\/th>\n<\/tr>\n<tr>\n<th style=\"text-align:center;background-color:rgb(0,68,123);color:rgb(255,255,255);\">Nivel<\/th>\n<th style=\"text-align:center;background-color:rgb(0,68,123);color:rgb(255,255,255);\">Inversi\u00f3n<\/th>\n<\/tr>\n<\/thead>\n<tbody>\n<tr>\n<td style=\"text-align:center;\"><span>B\u00e1sico\/intermedio<\/span><\/td>\n<td style=\"text-align:center;\"><span>$510.000<\/span><\/td>\n<\/tr>\n<\/tbody>\n<\/table>\n","protected":false},"excerpt":{"rendered":"<p>Descripci\u00f3n Con este curso conoce el concepto b\u00e1sico de Marketing, as\u00ed como sus necesidades. Aprender a gestionar el Marketing y su entorno, comprendiendo al p\u00fablico como pilar fundamental del Marketing. Principales caracter\u00edsticas Establecer c\u00f3mo se comporta el consumidor, identifica como se divide el mercado, conoce en qu\u00e9 consiste el Marketing Mix, aprender a gestionar el [&hellip;]<\/p>\n","protected":false},"featured_media":2195,"comment_status":"open","ping_status":"closed","template":"","meta":[],"product_brand":[],"product_cat":[65],"product_tag":[],"class_list":{"0":"post-2161","1":"product","2":"type-product","3":"status-publish","4":"has-post-thumbnail","6":"product_cat-cienciasempresariales","8":"first","9":"instock","10":"downloadable","11":"virtual","12":"purchasable","13":"product-type-simple"},"_links":{"self":[{"href":"https:\/\/educacioncontinua.uniremington.edu.co\/index.php?rest_route=\/wp\/v2\/product\/2161","targetHints":{"allow":["GET"]}}],"collection":[{"href":"https:\/\/educacioncontinua.uniremington.edu.co\/index.php?rest_route=\/wp\/v2\/product"}],"about":[{"href":"https:\/\/educacioncontinua.uniremington.edu.co\/index.php?rest_route=\/wp\/v2\/types\/product"}],"replies":[{"embeddable":true,"href":"https:\/\/educacioncontinua.uniremington.edu.co\/index.php?rest_route=%2Fwp%2Fv2%2Fcomments&post=2161"}],"wp:featuredmedia":[{"embeddable":true,"href":"https:\/\/educacioncontinua.uniremington.edu.co\/index.php?rest_route=\/wp\/v2\/media\/2195"}],"wp:attachment":[{"href":"https:\/\/educacioncontinua.uniremington.edu.co\/index.php?rest_route=%2Fwp%2Fv2%2Fmedia&parent=2161"}],"wp:term":[{"taxonomy":"product_brand","embeddable":true,"href":"https:\/\/educacioncontinua.uniremington.edu.co\/index.php?rest_route=%2Fwp%2Fv2%2Fproduct_brand&post=2161"},{"taxonomy":"product_cat","embeddable":true,"href":"https:\/\/educacioncontinua.uniremington.edu.co\/index.php?rest_route=%2Fwp%2Fv2%2Fproduct_cat&post=2161"},{"taxonomy":"product_tag","embeddable":true,"href":"https:\/\/educacioncontinua.uniremington.edu.co\/index.php?rest_route=%2Fwp%2Fv2%2Fproduct_tag&post=2161"}],"curies":[{"name":"wp","href":"https:\/\/api.w.org\/{rel}","templated":true}]}}