{"id":2160,"date":"2024-01-17T09:52:22","date_gmt":"2024-01-17T14:52:22","guid":{"rendered":"https:\/\/educacioncontinua.uniremington.edu.co\/?product=analisis-de-mercado"},"modified":"2024-01-30T14:58:38","modified_gmt":"2024-01-30T19:58:38","slug":"analisis-de-mercado","status":"publish","type":"product","link":"https:\/\/educacioncontinua.uniremington.edu.co\/?product=analisis-de-mercado","title":{"rendered":"An\u00e1lisis de Mercado"},"content":{"rendered":"<\/p>\n<table style=\"width:100%;\" border=\"1\">\n<thead>\n<tr style=\"color:rgb(255,255,255);\">\n<th style=\"background-color:rgb(0,68,123);\">Descripci\u00f3n<\/th>\n<\/tr>\n<\/thead>\n<tbody>\n<tr>\n<td>Con este curso de an\u00e1lisis de mercado podr\u00e1s conocer c\u00f3mo evoluciona el marketing, por ende, todas sus estrategias y modos de actuaci\u00f3n, as\u00ed como, saber c\u00f3mo analizar el mercado y su segmentaci\u00f3n.<\/td>\n<\/tr>\n<\/tbody>\n<\/table>\n<p><\/p>\n<table style=\"width:100%;\" border=\"1\">\n<thead>\n<tr style=\"color:rgb(255,255,255);\">\n<th style=\"background-color:rgb(0,68,123);\">Principales caracter\u00edsticas<\/th>\n<\/tr>\n<\/thead>\n<tbody>\n<tr>\n<td>Formas de investigaci\u00f3n comercial, aprende t\u00e9cnicas de acercamiento a los consumidores para conocer sus preferencias, conoce el proceso del an\u00e1lisis de datos y la importancia de las cuestiones \u00e9ticas.<\/td>\n<\/tr>\n<\/tbody>\n<\/table>\n<p><\/p>\n<table style=\"width:100%;\" border=\"1\">\n<thead>\n<tr style=\"color:rgb(255,255,255);\">\n<th style=\"background-color:rgb(0,68,123);\">P\u00fablico objetivo<\/th>\n<\/tr>\n<\/thead>\n<tbody>\n<tr>\n<td>Quienes realicen este curso aprender cu\u00e1les son los puntos clave en la presentaci\u00f3n de los datos para generar un an\u00e1lisis objetivo y seg\u00fan la necesidad requerida.<\/td>\n<\/tr>\n<\/tbody>\n<\/table>\n<p><\/p>\n<table style=\"width:100%;\" border=\"1\">\n<thead>\n<tr style=\"color:rgb(255,255,255);\">\n<td style=\"background-color:rgb(0,68,123);\"><span style=\"font-weight:bold;\">Tem\u00e1tica 1<\/span><\/td>\n<\/tr>\n<tr>\n<td><span style=\"font-weight:normal;\"><br \/>\n                    <\/span><\/p>\n<p>1.INTRODUCCI\u00d3N AL MERCADO Y SUS ACTORES<br \/>\n     1.1 Investigaci\u00f3n de marketing.\n                    <\/p>\n<\/td>\n<\/tr>\n<\/thead>\n<tbody>\n<tr style=\"color:rgb(255,255,255);\">\n<td style=\"background-color:rgb(0,68,123);\"><span style=\"font-weight:bold;\">Tem\u00e1tica 2<\/span><\/td>\n<\/tr>\n<tr>\n<td>\n<p>2. EL ENTORNO DE MARKETING<br \/>\n     2.1 Macroentorno.<br \/>\n     2.2 El Microentorno.\n                <\/p>\n<\/td>\n<\/tr>\n<tr style=\"color:rgb(255,255,255);\">\n<td style=\"background-color:rgb(0,68,123);\"><span style=\"font-weight:bold;\">Tem\u00e1tica 3<\/span><\/td>\n<\/tr>\n<tr>\n<td>\n<p>3. EL MARKETING Y EL MERCADO<br \/>\n     3.1 Caracter\u00edsticas del mercado<br \/>\n     3.2. Cambios del mercado\n                <\/p>\n<\/td>\n<\/tr>\n<tr style=\"color:rgb(255,255,255);\">\n<td style=\"background-color:rgb(0,68,123);\"><span style=\"font-weight:bold;\">Tem\u00e1tica 4<\/span><\/td>\n<\/tr>\n<tr>\n<td>\n<p>4. GESTI\u00d3N DE LA INFORMACI\u00d3N DE MARKETING<br \/>\n     4.1 Desarrollo de la informaci\u00f3n de marketing.\n                <\/p>\n<\/td>\n<\/tr>\n<tr style=\"color:rgb(255,255,255);\">\n<td style=\"background-color:rgb(0,68,123);\"><span style=\"font-weight:bold;\">Tem\u00e1tica 5<\/span><\/td>\n<\/tr>\n<tr>\n<td>\n<p>5. LA INVESTIGACI\u00d3N COMERCIAL<br \/>\n     5.1 Objetivos de la investigaci\u00f3n comercial.<br \/>\n     5.2 Tipos de investigaci\u00f3n comercial.<br \/>\n     5.3 Organizaci\u00f3n y etapas de la investigaci\u00f3n comercial en la empresa.\n                <\/p>\n<\/td>\n<\/tr>\n<tr style=\"color:rgb(255,255,255);\">\n<td style=\"background-color:rgb(0,68,123);\"><span style=\"font-weight:bold;\">Tem\u00e1tica 6<\/span><\/td>\n<\/tr>\n<tr>\n<td>\n<p>6. LAS FUENTES DE INFORMACI\u00d3N<br \/>\n     6.1 Las fuentes internas de informaci\u00f3n.<br \/>\n     6.2 Las fuentes externas de informaci\u00f3n.\n                <\/p>\n<\/td>\n<\/tr>\n<tr style=\"color:rgb(255,255,255);\">\n<td style=\"background-color:rgb(0,68,123);\"><span style=\"font-weight:bold;\">Tem\u00e1tica 7<\/span><\/td>\n<\/tr>\n<tr>\n<td>\n<p>7. EL CONSUMIDOR Y LA SEGMENTACI\u00d3N DE MERCADOS<br \/>\n     7.1 El comportamiento del consumidor.<br \/>\n     7.2 El consumidor y sus necesidades.<br \/>\n     7.3 Criterios de segmentaci\u00f3n de mercados.<br \/>\n     7.4 Criterios de segmentaci\u00f3n de mercados.<br \/>\n     7.5 Tipos de segmentaci\u00f3n.<\/p>\n<\/td>\n<\/tr>\n<\/tbody>\n<\/table>\n<p><\/p>\n<table border=\"1\">\n<thead>\n<tr>\n<th style=\"text-align:center;background-color:rgb(0,68,123);color:rgb(255,255,255);\">Duraci\u00f3n<\/th>\n<th style=\"text-align:center;background-color:rgb(0,68,123);color:rgb(255,255,255);\">V\u00eddeos<\/th>\n<\/tr>\n<tr>\n<th style=\"text-align:center;\"><span style=\"font-weight:normal;\">50 horas<\/span><\/th>\n<th style=\"text-align:center;\"><span style=\"font-weight:normal;\">20<\/span><\/th>\n<\/tr>\n<tr>\n<th style=\"text-align:center;background-color:rgb(0,68,123);color:rgb(255,255,255);\">Nivel<\/th>\n<th style=\"text-align:center;background-color:rgb(0,68,123);color:rgb(255,255,255);\">Inversi\u00f3n<\/th>\n<\/tr>\n<\/thead>\n<tbody>\n<tr>\n<td style=\"text-align:center;\"><span>B\u00e1sico<\/span><\/td>\n<td style=\"text-align:center;\"><span>$510.000<\/span><\/td>\n<\/tr>\n<\/tbody>\n<\/table>\n","protected":false},"excerpt":{"rendered":"<p>Descripci\u00f3n Con este curso de an\u00e1lisis de mercado podr\u00e1s conocer c\u00f3mo evoluciona el marketing, por ende, todas sus estrategias y modos de actuaci\u00f3n, as\u00ed como, saber c\u00f3mo analizar el mercado y su segmentaci\u00f3n. Principales caracter\u00edsticas Formas de investigaci\u00f3n comercial, aprende t\u00e9cnicas de acercamiento a los consumidores para conocer sus preferencias, conoce el proceso del an\u00e1lisis [&hellip;]<\/p>\n","protected":false},"featured_media":2193,"comment_status":"open","ping_status":"closed","template":"","meta":[],"product_brand":[],"product_cat":[65],"product_tag":[],"class_list":{"0":"post-2160","1":"product","2":"type-product","3":"status-publish","4":"has-post-thumbnail","6":"product_cat-cienciasempresariales","8":"first","9":"instock","10":"downloadable","11":"virtual","12":"purchasable","13":"product-type-simple"},"_links":{"self":[{"href":"https:\/\/educacioncontinua.uniremington.edu.co\/index.php?rest_route=\/wp\/v2\/product\/2160","targetHints":{"allow":["GET"]}}],"collection":[{"href":"https:\/\/educacioncontinua.uniremington.edu.co\/index.php?rest_route=\/wp\/v2\/product"}],"about":[{"href":"https:\/\/educacioncontinua.uniremington.edu.co\/index.php?rest_route=\/wp\/v2\/types\/product"}],"replies":[{"embeddable":true,"href":"https:\/\/educacioncontinua.uniremington.edu.co\/index.php?rest_route=%2Fwp%2Fv2%2Fcomments&post=2160"}],"wp:featuredmedia":[{"embeddable":true,"href":"https:\/\/educacioncontinua.uniremington.edu.co\/index.php?rest_route=\/wp\/v2\/media\/2193"}],"wp:attachment":[{"href":"https:\/\/educacioncontinua.uniremington.edu.co\/index.php?rest_route=%2Fwp%2Fv2%2Fmedia&parent=2160"}],"wp:term":[{"taxonomy":"product_brand","embeddable":true,"href":"https:\/\/educacioncontinua.uniremington.edu.co\/index.php?rest_route=%2Fwp%2Fv2%2Fproduct_brand&post=2160"},{"taxonomy":"product_cat","embeddable":true,"href":"https:\/\/educacioncontinua.uniremington.edu.co\/index.php?rest_route=%2Fwp%2Fv2%2Fproduct_cat&post=2160"},{"taxonomy":"product_tag","embeddable":true,"href":"https:\/\/educacioncontinua.uniremington.edu.co\/index.php?rest_route=%2Fwp%2Fv2%2Fproduct_tag&post=2160"}],"curies":[{"name":"wp","href":"https:\/\/api.w.org\/{rel}","templated":true}]}}