{"id":1819,"date":"2023-10-10T10:59:35","date_gmt":"2023-10-10T15:59:35","guid":{"rendered":"https:\/\/educacioncontinua.uniremington.edu.co\/?post_type=product&#038;p=1819"},"modified":"2025-06-10T09:56:59","modified_gmt":"2025-06-10T14:56:59","slug":"contratacion-estatal-y-secop-ii","status":"publish","type":"product","link":"https:\/\/educacioncontinua.uniremington.edu.co\/?product=contratacion-estatal-y-secop-ii","title":{"rendered":"CONTRATACI\u00d3N ESTATAL Y SECOP II"},"content":{"rendered":"<section class=\"wpb-content-wrapper\"><p>[vc_row][vc_column][vc_column_text]<strong>Descripci\u00f3n: <\/strong>La importancia del Diplomado en Contrataci\u00f3n Estatal,\u00a0se basa en que actualiza tus conocimientos en el contexto normativo y jurisprudencial derivados del proceso de contrataci\u00f3n administrativa. De esta manera, podr\u00e1s atender de forma excepcional la adquisici\u00f3n de bienes y servicios por parte de entidades p\u00fablicas, teniendo en cuenta su importancia al ser un instrumento clave para materializar el Estado Social de Derecho.[\/vc_column_text][\/vc_column][\/vc_row][vc_row][vc_column width=&#8221;1\/2&#8243;][vc_column_text]<strong>Principales caracter\u00edsticas:<\/strong> El contenido del programa ha sido dividido en cinco bases te\u00f3ricas. Inicia con un m\u00f3dulo de generalidades de la contrataci\u00f3n estatal, contin\u00faa con tres que profundizan las etapas contractuales y finaliza con uno que enfatiza el tema de responsabilidad.[\/vc_column_text][\/vc_column][vc_column width=&#8221;1\/2&#8243;][vc_column_text]<strong>Perfil del estudiante: <\/strong>Este curso est\u00e1 dirigido a p\u00fablico externo en general, interesados en los procesos de contrataci\u00f3n estatal.[\/vc_column_text][\/vc_column][\/vc_row][vc_row][vc_column width=&#8221;1\/2&#8243;][vc_column_text]<strong>Contenido: <\/strong><\/p>\n<p><strong>Metodolog\u00eda de la investigaci\u00f3n: <\/strong>Construcci\u00f3n del problema, Dise\u00f1o de los objetivos, Elaboraci\u00f3n de metodolog\u00eda, Incorporaci\u00f3n de referente te\u00f3rico, Normas APA 7 edici\u00f3n, Introducci\u00f3n y fundamentaci\u00f3n de la contrataci\u00f3n estatal. Concepto y objeto de la contrataci\u00f3n estatal.Secop II: Sistema de compra p\u00fablica: SECOP I y II y otros instrumentos de publicidad de la actividad contractual. Aspectos relevantes de la etapa contractual,<\/p>\n<p>aspectos relevantes de la etapa postcontractual, r\u00e9gimen de responsabilidad de servidores p\u00fablicos y particulares.[\/vc_column_text][\/vc_column][vc_column width=&#8221;1\/2&#8243;][vc_column_text]<strong>Duraci\u00f3n: <\/strong>120 horas[\/vc_column_text][\/vc_column][\/vc_row][vc_row][vc_column width=&#8221;1\/2&#8243;][vc_column_text]<strong>Fecha inicio: <\/strong>27\/11\/2023[\/vc_column_text][\/vc_column][vc_column width=&#8221;1\/2&#8243;][vc_column_text]<strong>Metodolog\u00eda:<\/strong>Telepresencial[\/vc_column_text][\/vc_column][\/vc_row][vc_row][vc_column width=&#8221;1\/2&#8243;][vc_column_text]<strong>Inversi\u00f3n<\/strong>:[\/vc_column_text][\/vc_column][vc_column width=&#8221;1\/2&#8243;][vc_column_text]<strong>Nota: <\/strong>Apertura sujeta a cumplimiento de cupos m\u00ednimos una vez realices el pago se pondr\u00e1n en contacto para brindarte toda la informaci\u00f3n.[\/vc_column_text][\/vc_column][\/vc_row]<\/p>\n<\/section>","protected":false},"excerpt":{"rendered":"<p>[vc_row][vc_column][vc_column_text]Descripci\u00f3n: La importancia del Diplomado en Contrataci\u00f3n Estatal,\u00a0se basa en que actualiza tus conocimientos en el contexto normativo y jurisprudencial derivados del proceso de contrataci\u00f3n administrativa. De esta manera, podr\u00e1s atender de forma excepcional la adquisici\u00f3n de bienes y servicios por parte de entidades p\u00fablicas, teniendo en cuenta su importancia al ser un instrumento clave [&hellip;]<\/p>\n","protected":false},"featured_media":1820,"comment_status":"open","ping_status":"closed","template":"","meta":[],"product_brand":[],"product_cat":[66],"product_tag":[],"class_list":{"0":"post-1819","1":"product","2":"type-product","3":"status-publish","4":"has-post-thumbnail","6":"product_cat-cienciasjuridicasypoliticas","8":"first","9":"instock","10":"shipping-taxable","11":"purchasable","12":"product-type-simple"},"_links":{"self":[{"href":"https:\/\/educacioncontinua.uniremington.edu.co\/index.php?rest_route=\/wp\/v2\/product\/1819","targetHints":{"allow":["GET"]}}],"collection":[{"href":"https:\/\/educacioncontinua.uniremington.edu.co\/index.php?rest_route=\/wp\/v2\/product"}],"about":[{"href":"https:\/\/educacioncontinua.uniremington.edu.co\/index.php?rest_route=\/wp\/v2\/types\/product"}],"replies":[{"embeddable":true,"href":"https:\/\/educacioncontinua.uniremington.edu.co\/index.php?rest_route=%2Fwp%2Fv2%2Fcomments&post=1819"}],"wp:featuredmedia":[{"embeddable":true,"href":"https:\/\/educacioncontinua.uniremington.edu.co\/index.php?rest_route=\/wp\/v2\/media\/1820"}],"wp:attachment":[{"href":"https:\/\/educacioncontinua.uniremington.edu.co\/index.php?rest_route=%2Fwp%2Fv2%2Fmedia&parent=1819"}],"wp:term":[{"taxonomy":"product_brand","embeddable":true,"href":"https:\/\/educacioncontinua.uniremington.edu.co\/index.php?rest_route=%2Fwp%2Fv2%2Fproduct_brand&post=1819"},{"taxonomy":"product_cat","embeddable":true,"href":"https:\/\/educacioncontinua.uniremington.edu.co\/index.php?rest_route=%2Fwp%2Fv2%2Fproduct_cat&post=1819"},{"taxonomy":"product_tag","embeddable":true,"href":"https:\/\/educacioncontinua.uniremington.edu.co\/index.php?rest_route=%2Fwp%2Fv2%2Fproduct_tag&post=1819"}],"curies":[{"name":"wp","href":"https:\/\/api.w.org\/{rel}","templated":true}]}}