{"id":1594,"date":"2023-07-25T09:13:49","date_gmt":"2023-07-25T14:13:49","guid":{"rendered":"https:\/\/educacioncontinua.uniremington.edu.co\/producto\/diseno-del-plan-de-medios-y-soporte-publicitario-ct2739\/"},"modified":"2024-01-30T14:58:38","modified_gmt":"2024-01-30T19:58:38","slug":"diseno-del-plan-de-medios-y-soporte-publicitario-ct2739","status":"publish","type":"product","link":"https:\/\/educacioncontinua.uniremington.edu.co\/?product=diseno-del-plan-de-medios-y-soporte-publicitario-ct2739","title":{"rendered":"Dise\u00f1o del plan de medios y soporte publicitario"},"content":{"rendered":"<div style=\"width:100%;\">\n<table style=\"width:100%;\" border=\"1\">\n<tbody>\n<tr style=\"color:rgb(255,255,255);\">\n<th style=\"background-color:rgb(0,68,123);\">Descripci\u00f3n<\/th>\n<\/tr>\n<tr>\n<td><a>Aprende c\u00f3mo s<\/a><span lang=\"es\" xml:lang=\"es\">eleccionar la combinaci\u00f3n \u00f3ptima de un plan de medios, a partir de la informaci\u00f3n obtenida y c\u00f3mo generar un cuadro de mandos de acuerdo a los objetivos establecidos, as\u00ed como, a definir una acci\u00f3n publicitaria adecuada con un presupuesto determinado y con los medios y soportes utilizados m\u00e1s efectivos.<\/span>\n                <\/td>\n<\/tr>\n<\/tbody>\n<\/table>\n<p><\/p>\n<table style=\"width:100%;\" border=\"1\">\n<tbody>\n<tr style=\"color:rgb(255,255,255);\">\n<th style=\"background-color:rgb(0,68,123);\">Principales  caracter\u00edsticas<\/th>\n<\/tr>\n<tr>\n<td>Plan de medios, cuadro de mandos, acciones publicitarias y presupuestos.\n                <\/td>\n<\/tr>\n<\/tbody>\n<\/table>\n<p><\/p>\n<table style=\"width:100%;\" border=\"1\">\n<tbody>\n<tr style=\"color:rgb(255,255,255);\">\n<th style=\"background-color:rgb(0,68,123);\">P\u00fablico objetivo<\/th>\n<\/tr>\n<tr>\n<td><span lang=\"es\" xml:lang=\"es\">P\u00fablico general que tenga inter\u00e9s en generar nuevas estrategias para realizar su plan de medios publicitarios.<\/span>\n                <\/td>\n<\/tr>\n<\/tbody>\n<\/table>\n<p><\/p>\n<table style=\"width:100%;\" border=\"1\">\n<tbody>\n<tr style=\"color:rgb(255,255,255);\">\n<td style=\"background-color:rgb(0,68,123);\"><span style=\"font-weight:bold;\">Tem\u00e1tica 1<\/span><\/td>\n<\/tr>\n<tr>\n<th><span style=\"font-weight:normal;\"><span>1. Plan de Medios &#8211;\u00a0<\/span><span>1.1. Concepto &#8211;\u00a0<\/span><span>1.2. Caracter\u00edsticas y elementos de planificaci\u00f3n<\/span><br \/>\n                    <\/span><\/th>\n<\/tr>\n<tr style=\"color:rgb(255,255,255);\">\n<td style=\"background-color:rgb(0,68,123);\"><span style=\"font-weight:bold;\">Tem\u00e1tica 2<\/span><\/td>\n<\/tr>\n<tr>\n<td><span>2. Medios, formas y soportes de publicidad y comunicaci\u00f3n &#8211;\u00a0<\/span><span>2.1. Diferenciaci\u00f3n de medios, soportes y formas publicitarias &#8211;\u00a0<\/span><span>2.2. Publicidad convencional y no convencional &#8211;\u00a0<\/span><span>2.3. Internet como medio publicitario y de relaciones con clientes<\/span>\n                <\/td>\n<\/tr>\n<tr style=\"color:rgb(255,255,255);\">\n<td style=\"background-color:rgb(0,68,123);\"><span style=\"font-weight:bold;\">Tem\u00e1tica 3<\/span><\/td>\n<\/tr>\n<tr>\n<td><span>3. Modelos de planes de medios &#8211;\u00a0<\/span><span>3.1. Fuentes de informaci\u00f3n e investigaci\u00f3n de medios de comunicaci\u00f3n &#8211;\u00a0<\/span><span>3.2. Caracter\u00edsticas y diferencias &#8211;\u00a0<\/span><span>3.3. Obtenci\u00f3n del ranking de soportes: audiencia, costes, rentabilidad, afinidad 3.4. Cuadro de mandos de una campa\u00f1a publicitaria<\/span><\/td>\n<\/tr>\n<tr style=\"color:rgb(255,255,255);\">\n<td style=\"background-color:rgb(0,68,123);\"><span style=\"font-weight:bold;\">Tem\u00e1tica 4<\/span><\/td>\n<\/tr>\n<tr>\n<td><span>4. Criterios de elecci\u00f3n de medios y soportes &#8211;\u00a0<\/span><span>4.1. Seg\u00fan producto &#8211;\u00a0<\/span><span>4.2. Seg\u00fan p\u00fablico objetivo: targets &#8211;\u00a0<\/span><span>4.3. Evaluaci\u00f3n de perfiles y clientes potenciales y objetivos del plan de medios &#8211;\u00a0<\/span><span>4.4. Tarifas y otros criterios de elecci\u00f3n del mix del plan de medios.<\/span><span>\u00a0<\/span><\/td>\n<\/tr>\n<\/tbody>\n<\/table>\n<\/div>\n<p><\/p>\n<table border=\"1\">\n<tbody>\n<tr>\n<th style=\"text-align:center;background-color:rgb(0,68,123);color:rgb(255,255,255);\">Duraci\u00f3n<\/th>\n<th style=\"text-align:center;background-color:rgb(0,68,123);color:rgb(255,255,255);\">Videos<\/th>\n<\/tr>\n<tr>\n<td style=\"text-align:center;\">16 horas\n            <\/td>\n<td style=\"text-align:center;\">18<\/td>\n<\/tr>\n<tr>\n<th style=\"text-align:center;background-color:rgb(0,68,123);color:rgb(255,255,255);\">Nivel<\/th>\n<th style=\"text-align:center;background-color:rgb(0,68,123);color:rgb(255,255,255);\">Inversi\u00f3n<\/th>\n<\/tr>\n<tr>\n<td style=\"text-align:center;\">Intermedio\n            <\/td>\n<td style=\"text-align:center;\">$163.200\n            <\/td>\n<\/tr>\n<\/tbody>\n<\/table>\n","protected":false},"excerpt":{"rendered":"<p><b>Descripci\u00f3n:<\/b> Seleccionar la combinaci\u00f3n \u00f3ptima de un plan de medios a partir de la informaci\u00f3n y cuadro de mandos disponible y de acuerdo a los objetivos establecidos A partir de la definici\u00f3n de una acci\u00f3n publicitaria y un presupuesto determinado seleccionar los medios y soportes utilizados m\u00e1s efectivos justificando convenientemente su selecci\u00f3n.<\/p>\n","protected":false},"featured_media":2108,"comment_status":"closed","ping_status":"closed","template":"","meta":[],"product_brand":[],"product_cat":[70],"product_tag":[],"class_list":{"0":"post-1594","1":"product","2":"type-product","3":"status-publish","4":"has-post-thumbnail","6":"product_cat-diseno","8":"first","9":"instock","10":"downloadable","11":"virtual","12":"purchasable","13":"product-type-simple"},"_links":{"self":[{"href":"https:\/\/educacioncontinua.uniremington.edu.co\/index.php?rest_route=\/wp\/v2\/product\/1594","targetHints":{"allow":["GET"]}}],"collection":[{"href":"https:\/\/educacioncontinua.uniremington.edu.co\/index.php?rest_route=\/wp\/v2\/product"}],"about":[{"href":"https:\/\/educacioncontinua.uniremington.edu.co\/index.php?rest_route=\/wp\/v2\/types\/product"}],"replies":[{"embeddable":true,"href":"https:\/\/educacioncontinua.uniremington.edu.co\/index.php?rest_route=%2Fwp%2Fv2%2Fcomments&post=1594"}],"wp:featuredmedia":[{"embeddable":true,"href":"https:\/\/educacioncontinua.uniremington.edu.co\/index.php?rest_route=\/wp\/v2\/media\/2108"}],"wp:attachment":[{"href":"https:\/\/educacioncontinua.uniremington.edu.co\/index.php?rest_route=%2Fwp%2Fv2%2Fmedia&parent=1594"}],"wp:term":[{"taxonomy":"product_brand","embeddable":true,"href":"https:\/\/educacioncontinua.uniremington.edu.co\/index.php?rest_route=%2Fwp%2Fv2%2Fproduct_brand&post=1594"},{"taxonomy":"product_cat","embeddable":true,"href":"https:\/\/educacioncontinua.uniremington.edu.co\/index.php?rest_route=%2Fwp%2Fv2%2Fproduct_cat&post=1594"},{"taxonomy":"product_tag","embeddable":true,"href":"https:\/\/educacioncontinua.uniremington.edu.co\/index.php?rest_route=%2Fwp%2Fv2%2Fproduct_tag&post=1594"}],"curies":[{"name":"wp","href":"https:\/\/api.w.org\/{rel}","templated":true}]}}