{"id":1591,"date":"2023-07-25T09:13:49","date_gmt":"2023-07-25T14:13:49","guid":{"rendered":"https:\/\/educacioncontinua.uniremington.edu.co\/producto\/busqueda-y-seleccion-de-procesos-de-licitacion-internacional\/"},"modified":"2024-01-30T14:58:38","modified_gmt":"2024-01-30T19:58:38","slug":"busqueda-y-seleccion-de-procesos-de-licitacion-internacional","status":"publish","type":"product","link":"https:\/\/educacioncontinua.uniremington.edu.co\/?product=busqueda-y-seleccion-de-procesos-de-licitacion-internacional","title":{"rendered":"B\u00fasqueda y selecci\u00f3n de procesos de licitaci\u00f3n internacional"},"content":{"rendered":"<div style=\"width:100%;\">\n<table style=\"width:100%;\" border=\"1\">\n<tbody>\n<tr style=\"color:rgb(255,255,255);\">\n<th style=\"background-color:rgb(0,68,123);\">Descripci\u00f3n<\/th>\n<\/tr>\n<tr>\n<td>Curso de 10 horas donde conocer\u00e1s\u00a0<span lang=\"es\" xml:lang=\"es\">las fases que componen el proceso para participar en licitaciones internacionales.<\/span><\/p>\n<\/td>\n<\/tr>\n<\/tbody>\n<\/table>\n<p><\/p>\n<table style=\"width:100%;\" border=\"1\">\n<tbody>\n<tr style=\"color:rgb(255,255,255);\">\n<th style=\"background-color:rgb(0,68,123);\">Principales caracter\u00edsticas<\/th>\n<\/tr>\n<tr>\n<td>Componentes caracter\u00edsticos de los procesos para participar en licitaciones internacionales.<\/p>\n<\/td>\n<\/tr>\n<\/tbody>\n<\/table>\n<p><\/p>\n<table style=\"width:100%;\" border=\"1\">\n<tbody>\n<tr style=\"color:rgb(255,255,255);\">\n<th style=\"background-color:rgb(0,68,123);\">P\u00fablico objetivo<\/th>\n<\/tr>\n<tr>\n<td>Personas que ya tengan bases de proyectos y deseen conocer los procesos internacionales y como participar en diferentes tipos de licitaciones.<\/p>\n<\/td>\n<\/tr>\n<\/tbody>\n<\/table>\n<p><\/p>\n<table style=\"width:100%;\" border=\"1\">\n<tbody>\n<tr style=\"color:rgb(255,255,255);\">\n<td style=\"background-color:rgb(0,68,123);\"><span style=\"font-weight:bold;\">Tem\u00e1tica 1<\/span><\/td>\n<\/tr>\n<tr>\n<th><span style=\"font-weight:normal;\"><span lang=\"es\" xml:lang=\"es\">1. Detecci\u00f3n y localizaci\u00f3n de licitaciones de inter\u00e9s &#8211;\u00a0<\/span>1.1. Fuentes de informaci\u00f3n sobre licitaciones internacionales<\/p>\n<p>                    <\/span><\/th>\n<\/tr>\n<tr style=\"color:rgb(255,255,255);\">\n<td style=\"background-color:rgb(0,68,123);\"><span style=\"font-weight:bold;\">Tem\u00e1tica 2<\/span><\/td>\n<\/tr>\n<tr>\n<td>\n<p>2. Valoraci\u00f3n de licitaci\u00f3n &#8211;\u00a0<span style=\"font-size:0.9375rem;\">2.1. Garant\u00edas exigidas en los procesos de licitaci\u00f3n y ejecuci\u00f3n de los proyectos<\/span><\/p>\n<\/td>\n<\/tr>\n<tr style=\"color:rgb(255,255,255);\">\n<td style=\"background-color:rgb(0,68,123);\"><span style=\"font-weight:bold;\">Tem\u00e1tica 3<\/span><\/td>\n<\/tr>\n<tr>\n<td>\n<p>3. Estrategia de preparaci\u00f3n de la propuesta &#8211;\u00a0<span style=\"font-size:0.9375rem;\">4. Estudio de viabilidad de la propuesta t\u00e9cnica y la propuesta financiera<\/span><\/p>\n<\/td>\n<\/tr>\n<\/tbody>\n<\/table>\n<\/div>\n<p><\/p>\n<table border=\"1\">\n<tbody>\n<tr>\n<th style=\"text-align:center;background-color:rgb(0,68,123);color:rgb(255,255,255);\">Duraci\u00f3n<\/th>\n<th style=\"text-align:center;background-color:rgb(0,68,123);color:rgb(255,255,255);\">V\u00eddeos<\/th>\n<\/tr>\n<tr>\n<td style=\"text-align:center;\">10 horas<\/p>\n<\/td>\n<td style=\"text-align:center;\">6<\/td>\n<\/tr>\n<tr>\n<th style=\"text-align:center;background-color:rgb(0,68,123);color:rgb(255,255,255);\">Nivel<\/th>\n<th style=\"text-align:center;background-color:rgb(0,68,123);color:rgb(255,255,255);\">Inversi\u00f3n<\/th>\n<\/tr>\n<tr>\n<td style=\"text-align:center;\">avanzado<\/p>\n<\/td>\n<td style=\"text-align:center;\">$102.000<\/p>\n<\/td>\n<\/tr>\n<\/tbody>\n<\/table>\n","protected":false},"excerpt":{"rendered":"<p>Curso de 10 horas donde conocer\u00e1s las fases que componen el proceso para participar en licitaciones internacionales.<\/p>\n","protected":false},"featured_media":2105,"comment_status":"closed","ping_status":"closed","template":"","meta":[],"product_brand":[],"product_cat":[66],"product_tag":[],"class_list":{"0":"post-1591","1":"product","2":"type-product","3":"status-publish","4":"has-post-thumbnail","6":"product_cat-cienciasjuridicasypoliticas","8":"first","9":"instock","10":"downloadable","11":"virtual","12":"purchasable","13":"product-type-simple"},"_links":{"self":[{"href":"https:\/\/educacioncontinua.uniremington.edu.co\/index.php?rest_route=\/wp\/v2\/product\/1591","targetHints":{"allow":["GET"]}}],"collection":[{"href":"https:\/\/educacioncontinua.uniremington.edu.co\/index.php?rest_route=\/wp\/v2\/product"}],"about":[{"href":"https:\/\/educacioncontinua.uniremington.edu.co\/index.php?rest_route=\/wp\/v2\/types\/product"}],"replies":[{"embeddable":true,"href":"https:\/\/educacioncontinua.uniremington.edu.co\/index.php?rest_route=%2Fwp%2Fv2%2Fcomments&post=1591"}],"wp:featuredmedia":[{"embeddable":true,"href":"https:\/\/educacioncontinua.uniremington.edu.co\/index.php?rest_route=\/wp\/v2\/media\/2105"}],"wp:attachment":[{"href":"https:\/\/educacioncontinua.uniremington.edu.co\/index.php?rest_route=%2Fwp%2Fv2%2Fmedia&parent=1591"}],"wp:term":[{"taxonomy":"product_brand","embeddable":true,"href":"https:\/\/educacioncontinua.uniremington.edu.co\/index.php?rest_route=%2Fwp%2Fv2%2Fproduct_brand&post=1591"},{"taxonomy":"product_cat","embeddable":true,"href":"https:\/\/educacioncontinua.uniremington.edu.co\/index.php?rest_route=%2Fwp%2Fv2%2Fproduct_cat&post=1591"},{"taxonomy":"product_tag","embeddable":true,"href":"https:\/\/educacioncontinua.uniremington.edu.co\/index.php?rest_route=%2Fwp%2Fv2%2Fproduct_tag&post=1591"}],"curies":[{"name":"wp","href":"https:\/\/api.w.org\/{rel}","templated":true}]}}