{"id":1588,"date":"2023-07-25T09:13:48","date_gmt":"2023-07-25T14:13:48","guid":{"rendered":"https:\/\/educacioncontinua.uniremington.edu.co\/producto\/contratacion-de-la-empresa-con-organizaciones-y-administraciones-publicas-ct1427\/"},"modified":"2024-01-30T14:58:38","modified_gmt":"2024-01-30T19:58:38","slug":"contratacion-de-la-empresa-con-organizaciones-y-administraciones-publicas-ct1427","status":"publish","type":"product","link":"https:\/\/educacioncontinua.uniremington.edu.co\/?product=contratacion-de-la-empresa-con-organizaciones-y-administraciones-publicas-ct1427","title":{"rendered":"Contrataci\u00f3n de la empresa con organizaciones y administraciones p\u00fablicas"},"content":{"rendered":"<div style=\"width:100%;\">\n<table style=\"width:100%;\" border=\"1\">\n<tbody>\n<tr style=\"color:rgb(255,255,255);\">\n<th style=\"background-color:rgb(0,68,123);\">Descripci\u00f3n<\/th>\n<\/tr>\n<tr>\n<td>Curso pr\u00e1ctico orientado a ense\u00f1arte a\u00a0<span lang=\"es\" xml:lang=\"es\">distinguir los procesos y procedimientos de contrataci\u00f3n p\u00fablica, interpretando la normativa jur\u00eddica aplicable a los tr\u00e1mites de preparaci\u00f3n y presentaci\u00f3n de documentaci\u00f3n.<\/span><\/p>\n<\/td>\n<\/tr>\n<\/tbody>\n<\/table>\n<p><\/p>\n<table style=\"width:100%;\" border=\"1\">\n<tbody>\n<tr style=\"color:rgb(255,255,255);\">\n<th style=\"background-color:rgb(0,68,123);\">Principales caracter\u00edsticas<\/th>\n<\/tr>\n<tr>\n<td>Identificar las fuentes de informaci\u00f3n y publicidad sobre los concursos p\u00fablicos, Interpretar la legislaci\u00f3n relacionada con los procesos de adjudicaci\u00f3n de contratos p\u00fablicos: Los concursos<\/p>\n<\/td>\n<\/tr>\n<\/tbody>\n<\/table>\n<p><\/p>\n<table style=\"width:100%;\" border=\"1\">\n<tbody>\n<tr style=\"color:rgb(255,255,255);\">\n<th style=\"background-color:rgb(0,68,123);\">P\u00fablico objetivo<\/th>\n<\/tr>\n<tr>\n<td>Personas con conocimientos adquiridos en el campo de administraci\u00f3n p\u00fablica que desee afianzar sus conocimientos sobre contrataci\u00f3n.<\/p>\n<\/td>\n<\/tr>\n<\/tbody>\n<\/table>\n<p><\/p>\n<table style=\"width:100%;\" border=\"1\">\n<tbody>\n<tr style=\"color:rgb(255,255,255);\">\n<td style=\"background-color:rgb(0,68,123);\"><span style=\"font-weight:bold;\">Tem\u00e1tica 1<\/span><\/td>\n<\/tr>\n<tr>\n<th><span style=\"font-weight:normal;\"><span lang=\"es\" xml:lang=\"es\">1. Legislaci\u00f3n aplicable a los procesos de contrataci\u00f3n p\u00fablica.<\/span>\u00a0&#8211;\u00a02. Partes del contrato. &#8211;\u00a03. Procedimiento general de contrataci\u00f3n. &#8211;\u00a03.1. Requisitos generales. &#8211;\u00a03.2. Requisitos de publicidad.<\/p>\n<p>                    <\/span><\/th>\n<\/tr>\n<tr style=\"color:rgb(255,255,255);\">\n<td style=\"background-color:rgb(0,68,123);\"><span style=\"font-weight:bold;\">Tem\u00e1tica 2<\/span><\/td>\n<\/tr>\n<tr>\n<td><span>4. Pliego de prescripciones t\u00e9cnicas. Pliego de cl\u00e1usulas administrativas. Certificado de existencia de cr\u00e9dito. Fiscalizaci\u00f3n del gasto. &#8211;\u00a0<\/span>5. Modalidades de tramitaci\u00f3n del expediente. &#8211;\u00a05.1. Ordinaria. &#8211;\u00a05.2. Urgente. &#8211;\u00a05.3. De emergencia.<\/p>\n<\/td>\n<\/tr>\n<tr style=\"color:rgb(255,255,255);\">\n<td style=\"background-color:rgb(0,68,123);\"><span style=\"font-weight:bold;\">Tem\u00e1tica 3<\/span><\/td>\n<\/tr>\n<tr>\n<td><span>6. Adjudicaci\u00f3n. &#8211;\u00a0<\/span>6.1. Concepto, formas y normas de aplicaci\u00f3n en el proceso de adjudicaci\u00f3n. &#8211;\u00a06.2. Notificaci\u00f3n y publicaci\u00f3n de la adjudicaci\u00f3n. &#8211;\u00a07. Formalizaci\u00f3n del contrato. &#8211;\u00a08. Fuentes de informaci\u00f3n y publicidad de concursos p\u00fablicos.<\/p>\n<\/td>\n<\/tr>\n<\/tbody>\n<\/table>\n<\/div>\n<p><\/p>\n<table border=\"1\">\n<tbody>\n<tr>\n<th style=\"text-align:center;background-color:rgb(0,68,123);color:rgb(255,255,255);\">Duraci\u00f3n<\/th>\n<th style=\"text-align:center;background-color:rgb(0,68,123);color:rgb(255,255,255);\">V\u00eddeos<\/th>\n<\/tr>\n<tr>\n<td style=\"text-align:center;\">20 horas<\/p>\n<\/td>\n<td style=\"text-align:center;\">18<\/td>\n<\/tr>\n<tr>\n<th style=\"text-align:center;background-color:rgb(0,68,123);color:rgb(255,255,255);\">Nivel<\/th>\n<th style=\"text-align:center;background-color:rgb(0,68,123);color:rgb(255,255,255);\">Inversi\u00f3n<\/th>\n<\/tr>\n<tr>\n<td style=\"text-align:center;\">Avanzado<\/p>\n<\/td>\n<td style=\"text-align:center;\">$204.000<\/p>\n<\/td>\n<\/tr>\n<\/tbody>\n<\/table>\n","protected":false},"excerpt":{"rendered":"<p><b>Descripci\u00f3n:<\/b> Curso orientado en distinguir los procesos y procedimientos de contrataci\u00f3n p\u00fablica interpretando la normativa jur\u00eddica aplicable a los tr\u00e1mites de preparaci\u00f3n y presentaci\u00f3n de documentaci\u00f3n.<\/p>\n","protected":false},"featured_media":2101,"comment_status":"closed","ping_status":"closed","template":"","meta":[],"product_brand":[],"product_cat":[66],"product_tag":[],"class_list":{"0":"post-1588","1":"product","2":"type-product","3":"status-publish","4":"has-post-thumbnail","6":"product_cat-cienciasjuridicasypoliticas","8":"first","9":"instock","10":"downloadable","11":"virtual","12":"purchasable","13":"product-type-simple"},"_links":{"self":[{"href":"https:\/\/educacioncontinua.uniremington.edu.co\/index.php?rest_route=\/wp\/v2\/product\/1588","targetHints":{"allow":["GET"]}}],"collection":[{"href":"https:\/\/educacioncontinua.uniremington.edu.co\/index.php?rest_route=\/wp\/v2\/product"}],"about":[{"href":"https:\/\/educacioncontinua.uniremington.edu.co\/index.php?rest_route=\/wp\/v2\/types\/product"}],"replies":[{"embeddable":true,"href":"https:\/\/educacioncontinua.uniremington.edu.co\/index.php?rest_route=%2Fwp%2Fv2%2Fcomments&post=1588"}],"wp:featuredmedia":[{"embeddable":true,"href":"https:\/\/educacioncontinua.uniremington.edu.co\/index.php?rest_route=\/wp\/v2\/media\/2101"}],"wp:attachment":[{"href":"https:\/\/educacioncontinua.uniremington.edu.co\/index.php?rest_route=%2Fwp%2Fv2%2Fmedia&parent=1588"}],"wp:term":[{"taxonomy":"product_brand","embeddable":true,"href":"https:\/\/educacioncontinua.uniremington.edu.co\/index.php?rest_route=%2Fwp%2Fv2%2Fproduct_brand&post=1588"},{"taxonomy":"product_cat","embeddable":true,"href":"https:\/\/educacioncontinua.uniremington.edu.co\/index.php?rest_route=%2Fwp%2Fv2%2Fproduct_cat&post=1588"},{"taxonomy":"product_tag","embeddable":true,"href":"https:\/\/educacioncontinua.uniremington.edu.co\/index.php?rest_route=%2Fwp%2Fv2%2Fproduct_tag&post=1588"}],"curies":[{"name":"wp","href":"https:\/\/api.w.org\/{rel}","templated":true}]}}