{"id":1583,"date":"2023-07-25T09:13:48","date_gmt":"2023-07-25T14:13:48","guid":{"rendered":"https:\/\/educacioncontinua.uniremington.edu.co\/producto\/asistencia-de-usuarios-en-el-uso-de-aplicaciones-ofimaticas-y-de-correo-electronico-af0856\/"},"modified":"2024-01-30T14:58:38","modified_gmt":"2024-01-30T19:58:38","slug":"asistencia-de-usuarios-en-el-uso-de-aplicaciones-ofimaticas-y-de-correo-electronico-af0856","status":"publish","type":"product","link":"https:\/\/educacioncontinua.uniremington.edu.co\/?product=asistencia-de-usuarios-en-el-uso-de-aplicaciones-ofimaticas-y-de-correo-electronico-af0856","title":{"rendered":"Asistencia de usuarios en el uso de aplicaciones ofim\u00e1ticas y de correo electr\u00f3nico"},"content":{"rendered":"<div style=\"width:100%;\">\n    <\/p>\n<table style=\"width:100%;\" border=\"1\">\n<tbody>\n<tr style=\"color:rgb(255,255,255);\">\n<th style=\"background-color:rgb(0,68,123);\">Descripci\u00f3n<\/th>\n<\/tr>\n<tr>\n<td>Con este pr\u00e1ctico curso de asistencia,\u00a0<span lang=\"es\" xml:lang=\"es\">facilita la experiencia de los usuarios frente a el uso de las aplicaciones inform\u00e1ticas asistiendo al usuario durante el per\u00edodo de utilizaci\u00f3n.<\/span><\/p>\n<\/td>\n<\/tr>\n<\/tbody>\n<\/table>\n<p><\/p>\n<table style=\"width:100%;\" border=\"1\">\n<tbody>\n<tr style=\"color:rgb(255,255,255);\">\n<th style=\"background-color:rgb(0,68,123);\">Principales<br \/>\n                    caracter\u00edsticas<\/th>\n<\/tr>\n<tr>\n<td>Gestionar correo y agenda electr\u00f3nica mediante aplicaciones ofim\u00e1ticas.<\/p>\n<\/td>\n<\/tr>\n<\/tbody>\n<\/table>\n<p><\/p>\n<table style=\"width:100%;\" border=\"1\">\n<tbody>\n<tr style=\"color:rgb(255,255,255);\">\n<th style=\"background-color:rgb(0,68,123);\">P\u00fablico<br \/>\n                    objetivo<\/th>\n<\/tr>\n<tr>\n<td>Personas en general que deseen aprender el uso de las aplicaciones inform\u00e1ticas, asistiendo al usuario durante el per\u00edodo de utilizaci\u00f3n, as\u00ed como, gestionar correo y agenda electr\u00f3nica mediante aplicaciones ofim\u00e1ticas.<\/p>\n<\/td>\n<\/tr>\n<\/tbody>\n<\/table>\n<p><\/p>\n<table style=\"width:100%;\" border=\"1\">\n<tbody>\n<tr style=\"color:rgb(255,255,255);\">\n<td style=\"background-color:rgb(0,68,123);\"><span style=\"font-weight:bold;\">Tem\u00e1tica 1<\/span><\/td>\n<\/tr>\n<tr>\n<th><span style=\"font-weight:normal;\"><span>1. T\u00e9cnicas de comunicaci\u00f3n en la asistencia al usuario &#8211;\u00a0<\/span>1.1 Tipos de comunicaci\u00f3n. &#8211;\u00a01.2 Efectos de la comunicaci\u00f3n. &#8211;\u00a01.3. Obst\u00e1culos o barreras para la comunicaci\u00f3n. &#8211;\u00a01.4 La comunicaci\u00f3n en la empresa. &#8211;\u00a01.5 Formas de comunicaci\u00f3n oral. &#8211;\u00a01.6 Precisi\u00f3n y claridad en el lenguaje. &#8211;\u00a01.7 Asistencia al usuario &#8211;\u00a01.8 Tipos de licencia de software. &#8211;\u00a01.9 Derechos de autor y normativa vigente.\u00a0<\/span><\/th>\n<\/tr>\n<tr style=\"color:rgb(255,255,255);\">\n<td style=\"background-color:rgb(0,68,123);\"><span style=\"font-weight:bold;\">Tem\u00e1tica 2<\/span><\/td>\n<\/tr>\n<tr>\n<td><span lang=\"es\" xml:lang=\"es\">2. Gesti\u00f3n del correo electr\u00f3nico y de la agenda &#8211;\u00a0<\/span>2.1 Definiciones y t\u00e9rminos. &#8211;\u00a02.2 Funcionamiento. &#8211;\u00a02.3 El formato de un correo electr\u00f3nico. &#8211;\u00a02.4 Configuraci\u00f3n de cuentas de correo. &#8211;\u00a02.5 Gestores de correo electr\u00f3nico.<br \/>2.6 Correo Web. &#8211;\u00a02.7 Plantillas y firmas corporativas. &#8211;\u00a02.8 Gesti\u00f3n de la libreta de direcciones. &#8211;\u00a02.9 Gesti\u00f3n de correo. &#8211;\u00a02.10 Componentes fundamentales de una aplicaci\u00f3n de gesti\u00f3n de correos y agendas electr\u00f3nicas. &#8211;\u00a02.11 Foros de noticias \u201cnews\u201d. &#8211;\u00a02.12 Programas de agendas en sincronizaci\u00f3n con dispositivos port\u00e1tiles tipo \u201cpalm\u201d. &#8211;\u00a02.13 Gesti\u00f3n de la agenda.\u00a0<\/p>\n<\/td>\n<\/tr>\n<tr style=\"color:rgb(255,255,255);\">\n<td style=\"background-color:rgb(0,68,123);\"><span style=\"font-weight:bold;\">Tem\u00e1tica 3<\/span><\/td>\n<\/tr>\n<tr>\n<td><span lang=\"es\" xml:lang=\"es\">3. Instalaci\u00f3n de programas de cifrado de correos &#8211;\u00a0<\/span>3.1 Descarga e instalaci\u00f3n. &#8211;\u00a03.2 Generaci\u00f3n de claves p\u00fablica y privada. &#8211;\u00a03.3 La gesti\u00f3n de claves. &#8211;\u00a03.4 Configuraci\u00f3n. &#8211;\u00a03.5 Distribuci\u00f3n y obtenci\u00f3n de claves. &#8211;\u00a03.6 Env\u00edo de correos cifrados\/firmados.\u00a0<\/td>\n<\/tr>\n<tr style=\"color:rgb(255,255,255);\">\n<td style=\"background-color:rgb(0,68,123);\"><span style=\"font-weight:bold;\">Tem\u00e1tica 4<\/span><\/td>\n<\/tr>\n<tr>\n<td><span lang=\"es\" xml:lang=\"es\">4. Obtenci\u00f3n de certificados de firma electr\u00f3nica- &#8211;\u00a0<\/span>4.1 Conceptos sobre seguridad en las comunicaciones. &#8211;\u00a04.2 Certificados electr\u00f3nicos. &#8211; 4.3 Firma electr\u00f3nica. &#8211;\u00a04.4 Prestador de servicios de certificaci\u00f3n. &#8211;\u00a04.5 Obtenci\u00f3n de un certificado por una persona f\u00edsica. &#8211;\u00a0<span lang=\"es\" xml:lang=\"es\">4.6\u00a0\u00a0\u00a0<\/span><span lang=\"es\" xml:lang=\"es\">El certificado y el correo electr\u00f3nico.<\/span><\/td>\n<\/tr>\n<\/tbody>\n<\/table>\n<\/div>\n<p><\/p>\n<table border=\"1\">\n<tbody>\n<tr>\n<th style=\"text-align:center;background-color:rgb(0,68,123);color:rgb(255,255,255);\">Duraci\u00f3n<\/th>\n<th style=\"text-align:center;background-color:rgb(0,68,123);color:rgb(255,255,255);\">V\u00eddeos<\/th>\n<\/tr>\n<tr>\n<td style=\"text-align:center;\">40 horas<\/p>\n<\/td>\n<td style=\"text-align:center;\">36<\/td>\n<\/tr>\n<tr>\n<th style=\"text-align:center;background-color:rgb(0,68,123);color:rgb(255,255,255);\">Nivel<\/th>\n<th style=\"text-align:center;background-color:rgb(0,68,123);color:rgb(255,255,255);\">Inversi\u00f3n<\/th>\n<\/tr>\n<tr>\n<td style=\"text-align:center;\">B\u00e1sico<\/p>\n<\/td>\n<td style=\"text-align:center;\">$408.000<\/p>\n<\/td>\n<\/tr>\n<\/tbody>\n<\/table>\n<p><\/p>\n<p><\/p>\n","protected":false},"excerpt":{"rendered":"<p>Facilitar el uso de las aplicaciones inform\u00e1ticas asistiendo al usuario durante el per\u00edodo de utilizaci\u00f3n.<\/p>\n","protected":false},"featured_media":2095,"comment_status":"closed","ping_status":"closed","template":"","meta":[],"product_brand":[],"product_cat":[71],"product_tag":[],"class_list":{"0":"post-1583","1":"product","2":"type-product","3":"status-publish","4":"has-post-thumbnail","6":"product_cat-ingenierias","8":"first","9":"instock","10":"downloadable","11":"virtual","12":"purchasable","13":"product-type-simple"},"_links":{"self":[{"href":"https:\/\/educacioncontinua.uniremington.edu.co\/index.php?rest_route=\/wp\/v2\/product\/1583","targetHints":{"allow":["GET"]}}],"collection":[{"href":"https:\/\/educacioncontinua.uniremington.edu.co\/index.php?rest_route=\/wp\/v2\/product"}],"about":[{"href":"https:\/\/educacioncontinua.uniremington.edu.co\/index.php?rest_route=\/wp\/v2\/types\/product"}],"replies":[{"embeddable":true,"href":"https:\/\/educacioncontinua.uniremington.edu.co\/index.php?rest_route=%2Fwp%2Fv2%2Fcomments&post=1583"}],"wp:featuredmedia":[{"embeddable":true,"href":"https:\/\/educacioncontinua.uniremington.edu.co\/index.php?rest_route=\/wp\/v2\/media\/2095"}],"wp:attachment":[{"href":"https:\/\/educacioncontinua.uniremington.edu.co\/index.php?rest_route=%2Fwp%2Fv2%2Fmedia&parent=1583"}],"wp:term":[{"taxonomy":"product_brand","embeddable":true,"href":"https:\/\/educacioncontinua.uniremington.edu.co\/index.php?rest_route=%2Fwp%2Fv2%2Fproduct_brand&post=1583"},{"taxonomy":"product_cat","embeddable":true,"href":"https:\/\/educacioncontinua.uniremington.edu.co\/index.php?rest_route=%2Fwp%2Fv2%2Fproduct_cat&post=1583"},{"taxonomy":"product_tag","embeddable":true,"href":"https:\/\/educacioncontinua.uniremington.edu.co\/index.php?rest_route=%2Fwp%2Fv2%2Fproduct_tag&post=1583"}],"curies":[{"name":"wp","href":"https:\/\/api.w.org\/{rel}","templated":true}]}}