{"id":1872,"date":"2023-10-17T09:51:33","date_gmt":"2023-10-17T14:51:33","guid":{"rendered":"https:\/\/educacioncontinua.uniremington.edu.co\/?page_id=1872"},"modified":"2024-02-17T09:06:09","modified_gmt":"2024-02-17T14:06:09","slug":"preguntas-frecuentes","status":"publish","type":"page","link":"https:\/\/educacioncontinua.uniremington.edu.co\/?page_id=1872","title":{"rendered":"Preguntas frecuentes"},"content":{"rendered":"<section class=\"wpb-content-wrapper\"><p>[vc_row][vc_column width=&#8221;1\/2&#8243;][vc_column_text]<\/p>\n<ul>\n<li data-leveltext=\"\uf0b7\" data-font=\"Symbol\" data-listid=\"4\" data-list-defn-props=\"{&quot;335552541&quot;:1,&quot;335559684&quot;:-2,&quot;335559685&quot;:720,&quot;335559991&quot;:360,&quot;469769226&quot;:&quot;Symbol&quot;,&quot;469769242&quot;:[8226],&quot;469777803&quot;:&quot;left&quot;,&quot;469777804&quot;:&quot;\uf0b7&quot;,&quot;469777815&quot;:&quot;hybridMultilevel&quot;}\" aria-setsize=\"-1\" data-aria-posinset=\"1\" data-aria-level=\"1\"><b>\u00bfNo s\u00e9 cu\u00e1l curso o programa escoger?\u00a0<\/b><\/li>\n<\/ul>\n<p><span data-contrast=\"auto\">Ponemos a disposici\u00f3n todas nuestras l\u00edneas de atenci\u00f3n para brindarte una atenci\u00f3n personalizada y orientarte sobre cu\u00e1l programa se adapta a las necesidades y\u00a0 a la l\u00ednea profesional que deseas conseguir\u00a0 <\/span><a href=\"https:\/\/walink.co\/27d94c\"><span data-contrast=\"none\">WhatsApp<\/span><\/a><span data-contrast=\"auto\">\u00a0<\/span><span data-ccp-props=\"{&quot;201341983&quot;:0,&quot;335559685&quot;:720,&quot;335559739&quot;:160,&quot;335559740&quot;:259}\">\u00a0<\/span><\/p>\n<p><span data-ccp-props=\"{&quot;201341983&quot;:0,&quot;335559685&quot;:720,&quot;335559739&quot;:160,&quot;335559740&quot;:259}\">\u00a0<\/span><\/p>\n<ul>\n<li data-leveltext=\"\uf0b7\" data-font=\"Symbol\" data-listid=\"4\" data-list-defn-props=\"{&quot;335552541&quot;:1,&quot;335559684&quot;:-2,&quot;335559685&quot;:720,&quot;335559991&quot;:360,&quot;469769226&quot;:&quot;Symbol&quot;,&quot;469769242&quot;:[8226],&quot;469777803&quot;:&quot;left&quot;,&quot;469777804&quot;:&quot;\uf0b7&quot;,&quot;469777815&quot;:&quot;hybridMultilevel&quot;}\" aria-setsize=\"-1\" data-aria-posinset=\"1\" data-aria-level=\"1\"><b>\u00bfD\u00f3nde me puedo matricular?\u00a0<\/b><\/li>\n<\/ul>\n<p><span data-contrast=\"auto\">En este micrositio encuentras permanentemente todas las opciones de formaci\u00f3n virtual. Para m\u00e1s informaci\u00f3n <\/span><a href=\"https:\/\/walink.co\/27d94c\"><span data-contrast=\"none\">WhatsApp<\/span><\/a><span data-ccp-props=\"{&quot;201341983&quot;:0,&quot;335559685&quot;:720,&quot;335559739&quot;:160,&quot;335559740&quot;:259}\">\u00a0<\/span><\/p>\n<p><span data-ccp-props=\"{&quot;201341983&quot;:0,&quot;335559685&quot;:720,&quot;335559739&quot;:160,&quot;335559740&quot;:259}\">\u00a0<\/span><\/p>\n<ul>\n<li data-leveltext=\"\uf0b7\" data-font=\"Symbol\" data-listid=\"4\" data-list-defn-props=\"{&quot;335552541&quot;:1,&quot;335559684&quot;:-2,&quot;335559685&quot;:720,&quot;335559991&quot;:360,&quot;469769226&quot;:&quot;Symbol&quot;,&quot;469769242&quot;:[8226],&quot;469777803&quot;:&quot;left&quot;,&quot;469777804&quot;:&quot;\uf0b7&quot;,&quot;469777815&quot;:&quot;hybridMultilevel&quot;}\" aria-setsize=\"-1\" data-aria-posinset=\"2\" data-aria-level=\"1\"><b>\u00bfD\u00f3nde encuentro la informaci\u00f3n? <a href=\"https:\/\/walink.co\/27d94c\">WhatsApp<\/a>\u00a0<\/b><\/li>\n<\/ul>\n<p><span data-contrast=\"auto\">En el micrositio encuentras permanentemente toda la oferta que tenemos para ti.<\/span><span data-ccp-props=\"{&quot;201341983&quot;:0,&quot;335559685&quot;:720,&quot;335559739&quot;:160,&quot;335559740&quot;:259}\">\u00a0<\/span>[\/vc_column_text][\/vc_column][vc_column width=&#8221;1\/2&#8243;][vc_column_text]<\/p>\n<ul>\n<li data-leveltext=\"\uf0b7\" data-font=\"Symbol\" data-listid=\"4\" data-list-defn-props=\"{&quot;335552541&quot;:1,&quot;335559684&quot;:-2,&quot;335559685&quot;:720,&quot;335559991&quot;:360,&quot;469769226&quot;:&quot;Symbol&quot;,&quot;469769242&quot;:[8226],&quot;469777803&quot;:&quot;left&quot;,&quot;469777804&quot;:&quot;\uf0b7&quot;,&quot;469777815&quot;:&quot;hybridMultilevel&quot;}\" aria-setsize=\"-1\" data-aria-posinset=\"1\" data-aria-level=\"1\"><b>\u00bfQui\u00e9n me puede orientar sobre qu\u00e9 curso o programa escoger?\u00a0<\/b><\/li>\n<\/ul>\n<p><span data-contrast=\"auto\">Ponemos a disposici\u00f3n todas nuestras l\u00edneas de atenci\u00f3n para brindarte una atenci\u00f3n personalizada y orientarte sobre cu\u00e1l programa se adapta a las necesidades y a la l\u00ednea profesional que deseas conseguir\u00a0 <\/span><a href=\"https:\/\/walink.co\/27d94c\"><span data-contrast=\"none\">WhatsApp<\/span><\/a><span data-ccp-props=\"{&quot;201341983&quot;:0,&quot;335559685&quot;:720,&quot;335559739&quot;:160,&quot;335559740&quot;:259}\">\u00a0<\/span><\/p>\n<p><span data-ccp-props=\"{&quot;201341983&quot;:0,&quot;335559739&quot;:160,&quot;335559740&quot;:259}\">\u00a0<\/span><\/p>\n<ul>\n<li data-leveltext=\"\uf0b7\" data-font=\"Symbol\" data-listid=\"4\" data-list-defn-props=\"{&quot;335552541&quot;:1,&quot;335559684&quot;:-2,&quot;335559685&quot;:720,&quot;335559991&quot;:360,&quot;469769226&quot;:&quot;Symbol&quot;,&quot;469769242&quot;:[8226],&quot;469777803&quot;:&quot;left&quot;,&quot;469777804&quot;:&quot;\uf0b7&quot;,&quot;469777815&quot;:&quot;hybridMultilevel&quot;}\" aria-setsize=\"-1\" data-aria-posinset=\"2\" data-aria-level=\"1\"><b>\u00bfC\u00f3mo es el medio de pago?\u00a0\u00a0<\/b><\/li>\n<\/ul>\n<p><span data-contrast=\"auto\">Una vez escoges el programa debes dar clic en comprar y autom\u00e1ticamente entras a una pasarela de pagos que te permite todos los medios de pago, si tienes alguna duda o dificultad por favor escr\u00edbenos. <\/span><a href=\"https:\/\/walink.co\/27d94c\"><span data-contrast=\"none\">WhatsApp<\/span><\/a><span data-ccp-props=\"{&quot;201341983&quot;:0,&quot;335559685&quot;:720,&quot;335559739&quot;:160,&quot;335559740&quot;:259}\">\u00a0<\/span><\/p>\n<p><span data-ccp-props=\"{&quot;201341983&quot;:0,&quot;335559685&quot;:720,&quot;335559739&quot;:160,&quot;335559740&quot;:259}\">\u00a0<\/span><\/p>\n<ul>\n<li data-leveltext=\"\uf0b7\" data-font=\"Symbol\" data-listid=\"4\" data-list-defn-props=\"{&quot;335552541&quot;:1,&quot;335559684&quot;:-2,&quot;335559685&quot;:720,&quot;335559991&quot;:360,&quot;469769226&quot;:&quot;Symbol&quot;,&quot;469769242&quot;:[8226],&quot;469777803&quot;:&quot;left&quot;,&quot;469777804&quot;:&quot;\uf0b7&quot;,&quot;469777815&quot;:&quot;hybridMultilevel&quot;}\" aria-setsize=\"-1\" data-aria-posinset=\"1\" data-aria-level=\"1\"><b>\u00bfQui\u00e9nes pueden estudiar con nosotros?\u00a0<\/b><\/li>\n<\/ul>\n<p><span data-contrast=\"auto\">Todas las personas interesadas en mejorar su nivel acad\u00e9mico a trav\u00e9s de la actualizaci\u00f3n profesional.<\/span><span data-contrast=\"auto\">\u00a0<\/span><span data-ccp-props=\"{&quot;201341983&quot;:0,&quot;335559685&quot;:360,&quot;335559739&quot;:160,&quot;335559740&quot;:259}\">\u00a0<\/span>[\/vc_column_text][\/vc_column][\/vc_row]<\/p>\n<\/section>","protected":false},"excerpt":{"rendered":"<p>[vc_row][vc_column width=&#8221;1\/2&#8243;][vc_column_text] \u00bfNo s\u00e9 cu\u00e1l curso o programa escoger?\u00a0 Ponemos a disposici\u00f3n todas nuestras l\u00edneas de atenci\u00f3n para brindarte una atenci\u00f3n personalizada y orientarte sobre cu\u00e1l programa se adapta a las necesidades y\u00a0 a la l\u00ednea profesional que deseas conseguir\u00a0 WhatsApp\u00a0\u00a0 \u00a0 \u00bfD\u00f3nde me puedo matricular?\u00a0 En este micrositio encuentras permanentemente todas las opciones de [&hellip;]<\/p>\n","protected":false},"author":1,"featured_media":0,"parent":0,"menu_order":0,"comment_status":"closed","ping_status":"closed","template":"","meta":{"productId":0,"courseId":0,"footnotes":""},"class_list":["post-1872","page","type-page","status-publish","hentry"],"_links":{"self":[{"href":"https:\/\/educacioncontinua.uniremington.edu.co\/index.php?rest_route=\/wp\/v2\/pages\/1872","targetHints":{"allow":["GET"]}}],"collection":[{"href":"https:\/\/educacioncontinua.uniremington.edu.co\/index.php?rest_route=\/wp\/v2\/pages"}],"about":[{"href":"https:\/\/educacioncontinua.uniremington.edu.co\/index.php?rest_route=\/wp\/v2\/types\/page"}],"author":[{"embeddable":true,"href":"https:\/\/educacioncontinua.uniremington.edu.co\/index.php?rest_route=\/wp\/v2\/users\/1"}],"replies":[{"embeddable":true,"href":"https:\/\/educacioncontinua.uniremington.edu.co\/index.php?rest_route=%2Fwp%2Fv2%2Fcomments&post=1872"}],"version-history":[{"count":2,"href":"https:\/\/educacioncontinua.uniremington.edu.co\/index.php?rest_route=\/wp\/v2\/pages\/1872\/revisions"}],"predecessor-version":[{"id":2291,"href":"https:\/\/educacioncontinua.uniremington.edu.co\/index.php?rest_route=\/wp\/v2\/pages\/1872\/revisions\/2291"}],"wp:attachment":[{"href":"https:\/\/educacioncontinua.uniremington.edu.co\/index.php?rest_route=%2Fwp%2Fv2%2Fmedia&parent=1872"}],"curies":[{"name":"wp","href":"https:\/\/api.w.org\/{rel}","templated":true}]}}